{"id":3882,"date":"2018-01-26T09:59:28","date_gmt":"2018-01-26T08:59:28","guid":{"rendered":"https:\/\/www.stafor.com\/catalogo-prodotti\/unkategorisiert\/80-omega-tischveredelungsschere-rechts\/"},"modified":"2018-09-06T11:25:42","modified_gmt":"2018-09-06T09:25:42","slug":"80-omega-tischveredelungsschere-rechts","status":"publish","type":"product","link":"https:\/\/www.stafor.com\/de\/produktkatalog\/veredelungsgerate\/80-omega-tischveredelungsschere-rechts\/","title":{"rendered":"80"},"content":{"rendered":"<p>Omega-Tischveredelungsschere &#8211; rechts<\/p>\n<p>Pedal betriebene Omega-Veredelung. Dieses System ist sowohl hinsichtlich der Rentabilit\u00e4t als auch der Ergebnisse besonders vorteilhaft und eignet sich f\u00fcr jede Art von Veredelung von Reben und Obstb\u00e4umen.<\/p>\n","protected":false},"excerpt":{"rendered":"<p>Veredelungsmaschine mit Fu\u00dfschalter zur Verwendung auf einem Tischen und f\u00fcr die Veredelung im gro\u00dfen Ma\u00dfstab im Lager. Omega-Veredelungssystem, besonders vielseitig und vorteilhaft, da sie ein maximales Anwachsen gew\u00e4hrleistet.<br \/>\nZum Veredeln von Weinreben, Obstb\u00e4umen, Gartenpflanzen.<\/p>\n","protected":false},"featured_media":2771,"template":"","meta":{"_seopress_robots_primary_cat":"","_seopress_titles_title":"%%title%% - Omega-Tischveredelungsschere - rechts","_seopress_titles_desc":"Pedal betriebene Omega-Veredelung. Dieses System ist sowohl hinsichtlich der Rentabilit\u00e4t als auch der Ergebnisse besonders vorteilhaft.","_seopress_robots_index":""},"product_brand":[],"product_cat":[97],"product_tag":[],"class_list":{"0":"post-3882","1":"product","2":"type-product","3":"status-publish","4":"has-post-thumbnail","6":"product_cat-veredelungsgerate","8":"first","9":"instock","10":"shipping-taxable","11":"product-type-simple"},"_links":{"self":[{"href":"https:\/\/www.stafor.com\/de\/wp-json\/wp\/v2\/product\/3882","targetHints":{"allow":["GET"]}}],"collection":[{"href":"https:\/\/www.stafor.com\/de\/wp-json\/wp\/v2\/product"}],"about":[{"href":"https:\/\/www.stafor.com\/de\/wp-json\/wp\/v2\/types\/product"}],"wp:featuredmedia":[{"embeddable":true,"href":"https:\/\/www.stafor.com\/de\/wp-json\/wp\/v2\/media\/2771"}],"wp:attachment":[{"href":"https:\/\/www.stafor.com\/de\/wp-json\/wp\/v2\/media?parent=3882"}],"wp:term":[{"taxonomy":"product_brand","embeddable":true,"href":"https:\/\/www.stafor.com\/de\/wp-json\/wp\/v2\/product_brand?post=3882"},{"taxonomy":"product_cat","embeddable":true,"href":"https:\/\/www.stafor.com\/de\/wp-json\/wp\/v2\/product_cat?post=3882"},{"taxonomy":"product_tag","embeddable":true,"href":"https:\/\/www.stafor.com\/de\/wp-json\/wp\/v2\/product_tag?post=3882"}],"curies":[{"name":"wp","href":"https:\/\/api.w.org\/{rel}","templated":true}]}}