{"id":3905,"date":"2018-01-25T15:23:33","date_gmt":"2018-01-25T14:23:33","guid":{"rendered":"https:\/\/www.stafor.com\/catalogo-prodotti\/unkategorisiert\/981-naturlicher-wetzstein-mm25x300\/"},"modified":"2020-09-23T14:31:44","modified_gmt":"2020-09-23T12:31:44","slug":"981-naturlicher-wetzstein-mm25x300","status":"publish","type":"product","link":"https:\/\/www.stafor.com\/de\/produktkatalog\/scharfsteine\/981-naturlicher-wetzstein-mm25x300\/","title":{"rendered":"981"},"content":{"rendered":"<p>Nat\u00fcrlicher Wetzstein, mm 300 x 25\u00a0<\/p>\n<p>Nat\u00fcrlicher Wetzstein, mm 300 x 25, zum Sch\u00e4rfen von Sicheln, Sensen und gro\u00dfen Messern.<\/p>\n","protected":false},"excerpt":{"rendered":"<p>Nat\u00fcrlicher Wetzstein, mm 300 x 25\u00a0 Nat\u00fcrlicher Wetzstein, mm 300 x 25, zum Sch\u00e4rfen von Sicheln, Sensen und gro\u00dfen Messern.<\/p>\n","protected":false},"featured_media":2678,"template":"","meta":{"_seopress_robots_primary_cat":"","_seopress_titles_title":"%%title%% - Nat\u00fcrlicher Wetzstein, 300 x 25 mm","_seopress_titles_desc":"Nat\u00fcrlicher Wetzstein, 300 x 25 mm mit Griff f\u00fcr einen besseren Halt. Zum Sch\u00e4rfen von Sicheln, Sensen und gro\u00dfen Messern.","_seopress_robots_index":"","_seopress_analysis_target_kw":""},"product_brand":[],"product_cat":[107],"product_tag":[],"class_list":{"0":"post-3905","1":"product","2":"type-product","3":"status-publish","4":"has-post-thumbnail","6":"product_cat-scharfsteine","8":"first","9":"instock","10":"shipping-taxable","11":"product-type-simple"},"_links":{"self":[{"href":"https:\/\/www.stafor.com\/de\/wp-json\/wp\/v2\/product\/3905","targetHints":{"allow":["GET"]}}],"collection":[{"href":"https:\/\/www.stafor.com\/de\/wp-json\/wp\/v2\/product"}],"about":[{"href":"https:\/\/www.stafor.com\/de\/wp-json\/wp\/v2\/types\/product"}],"wp:featuredmedia":[{"embeddable":true,"href":"https:\/\/www.stafor.com\/de\/wp-json\/wp\/v2\/media\/2678"}],"wp:attachment":[{"href":"https:\/\/www.stafor.com\/de\/wp-json\/wp\/v2\/media?parent=3905"}],"wp:term":[{"taxonomy":"product_brand","embeddable":true,"href":"https:\/\/www.stafor.com\/de\/wp-json\/wp\/v2\/product_brand?post=3905"},{"taxonomy":"product_cat","embeddable":true,"href":"https:\/\/www.stafor.com\/de\/wp-json\/wp\/v2\/product_cat?post=3905"},{"taxonomy":"product_tag","embeddable":true,"href":"https:\/\/www.stafor.com\/de\/wp-json\/wp\/v2\/product_tag?post=3905"}],"curies":[{"name":"wp","href":"https:\/\/api.w.org\/{rel}","templated":true}]}}