{"id":3915,"date":"2018-01-23T11:19:31","date_gmt":"2018-01-23T10:19:31","guid":{"rendered":"https:\/\/www.stafor.com\/catalogo-prodotti\/unkategorisiert\/910-strapazierfahige-gartenschere-mit-speziell-ptfe-beschichtetem-messer-cm215\/"},"modified":"2019-02-20T10:18:54","modified_gmt":"2019-02-20T09:18:54","slug":"910-strapazierfahige-gartenschere-mit-speziell-ptfe-beschichtetem-messer-cm215","status":"publish","type":"product","link":"https:\/\/www.stafor.com\/de\/produktkatalog\/gartenscheren\/910-strapazierfahige-gartenschere-mit-speziell-ptfe-beschichtetem-messer-cm215\/","title":{"rendered":"910"},"content":{"rendered":"<p>STRAPAZIERF\u00c4HIGE GARTENSCHERE MIT SPEZIELL PTFE-BESCHICHTETEM MESSER<\/p>\n<p>Schere aus Qualit\u00e4tsstahl f\u00fcr die professionelle Gartenpflege.<br \/>\n<strong>Messer<\/strong>: auswechselbar, aus geh\u00e4rtetem Qualit\u00e4tsstahl. <strong>Griff<\/strong>: mit Polypropylen\u00fcberzug. <strong>Verschluss<\/strong>: Metall. <strong>Bolzen<\/strong>: geh\u00e4rtet. <strong>Mutter<\/strong>: mit Sicherungsringen und Einstellschraube. <strong>Mit Gummid\u00e4mpfer<\/strong>.<\/p>\n","protected":false},"excerpt":{"rendered":"<p>Strapazierf\u00e4hige Gartenschere mit speziell PTFE-beschichtetem Messer. Diese Beschichtung erleichtert das Gleiten des Messers beim Schneiden, beugt dem Rostansatz vor und erleichtert das Reinigen.<br \/>\nBei der Gestaltung des Griffs wurde speziell auf ergonomische Gesichtspunkte geachtet. Durch den verdeckten D\u00e4mpfer ist der Schnitt nach weicher.<\/p>\n<p>Messer und Gegenmesser aus geh\u00e4rtetem Qualit\u00e4tsstahl.<\/p>\n","protected":false},"featured_media":2318,"template":"","meta":{"_seopress_robots_primary_cat":"","_seopress_titles_title":"910 - STRAPAZIERF\u00c4HIGE GARTENSCHERE","_seopress_titles_desc":"Schere aus Qualit\u00e4tsstahl f\u00fcr die professionelle Gartenpflege.Messer: auswechselbar, aus geh\u00e4rtetem Qualit\u00e4tsstahl. Griff: mit Polypropylen\u00fcberzug.","_seopress_robots_index":""},"product_brand":[],"product_cat":[105],"product_tag":[],"class_list":{"0":"post-3915","1":"product","2":"type-product","3":"status-publish","4":"has-post-thumbnail","6":"product_cat-gartenscheren","8":"first","9":"instock","10":"shipping-taxable","11":"product-type-simple"},"_links":{"self":[{"href":"https:\/\/www.stafor.com\/de\/wp-json\/wp\/v2\/product\/3915","targetHints":{"allow":["GET"]}}],"collection":[{"href":"https:\/\/www.stafor.com\/de\/wp-json\/wp\/v2\/product"}],"about":[{"href":"https:\/\/www.stafor.com\/de\/wp-json\/wp\/v2\/types\/product"}],"wp:featuredmedia":[{"embeddable":true,"href":"https:\/\/www.stafor.com\/de\/wp-json\/wp\/v2\/media\/2318"}],"wp:attachment":[{"href":"https:\/\/www.stafor.com\/de\/wp-json\/wp\/v2\/media?parent=3915"}],"wp:term":[{"taxonomy":"product_brand","embeddable":true,"href":"https:\/\/www.stafor.com\/de\/wp-json\/wp\/v2\/product_brand?post=3915"},{"taxonomy":"product_cat","embeddable":true,"href":"https:\/\/www.stafor.com\/de\/wp-json\/wp\/v2\/product_cat?post=3915"},{"taxonomy":"product_tag","embeddable":true,"href":"https:\/\/www.stafor.com\/de\/wp-json\/wp\/v2\/product_tag?post=3915"}],"curies":[{"name":"wp","href":"https:\/\/api.w.org\/{rel}","templated":true}]}}