{"id":3949,"date":"2017-12-13T14:30:15","date_gmt":"2017-12-13T13:30:15","guid":{"rendered":"https:\/\/www.stafor.com\/catalogo-prodotti\/unkategorisiert\/weinlese-und-blumenschere-basismodelle-165-cm\/"},"modified":"2018-09-07T09:46:52","modified_gmt":"2018-09-07T07:46:52","slug":"weinlese-und-blumenschere-basismodelle-165-cm","status":"publish","type":"product","link":"https:\/\/www.stafor.com\/de\/produktkatalog\/weinlese-und-blumenscheren\/weinlese-und-blumenschere-basismodelle-165-cm\/","title":{"rendered":"893"},"content":{"rendered":"<p>Weinlese und Blumenschere (Basismodelle)<\/p>\n<p>Vielzweckschere: im Haushalt, in der Freizeit, f\u00fcr industrielle und professionelle Zwecke. <strong>Messer<\/strong>: aus geh\u00e4rtetem Edelstahl. <strong>Gegenmesser<\/strong>: mit stabilisierender Verzahnung. <strong>Griff<\/strong>: mit Polypropylen\u00fcberzug. <strong>Schraube<\/strong>: mit selbstsichernder Mutter. <strong>Verschluss<\/strong>: Metall. <strong>Schlaufe<\/strong>: Handgelenkschlaufe auf Anfrage.<\/p>\n<p><strong>Breite Klinge mit abgerundeter Spitze f\u00fcr unterschiedliche Zwecke.<\/strong><\/p>\n","protected":false},"excerpt":{"rendered":"<p>Kleine, praktische Schere f\u00fcr die Blumenpflege und Weinlese. Die verschiedenen L\u00e4ngen erm\u00f6glichen die gezielte Wahl eines Modells, das am besten f\u00fcr die Anwendung geeignet ist.<\/p>\n<p>Die Gleitfl\u00e4chen sollten regelm\u00e4\u00dfig ge\u00f6lt werden<\/p>\n","protected":false},"featured_media":2254,"template":"","meta":{"_seopress_robots_primary_cat":"","_seopress_titles_title":"893 - Weinlese und Blumenschere (Basismodelle)","_seopress_titles_desc":"Vielzweckschere: im Haushalt, in der Freizeit, f\u00fcr industrielle und professionelle Zwecke. Messer: aus geh\u00e4rtetem Edelstahl.","_seopress_robots_index":""},"product_brand":[],"product_cat":[104],"product_tag":[],"class_list":{"0":"post-3949","1":"product","2":"type-product","3":"status-publish","4":"has-post-thumbnail","6":"product_cat-weinlese-und-blumenscheren","8":"first","9":"instock","10":"shipping-taxable","11":"product-type-simple"},"_links":{"self":[{"href":"https:\/\/www.stafor.com\/de\/wp-json\/wp\/v2\/product\/3949","targetHints":{"allow":["GET"]}}],"collection":[{"href":"https:\/\/www.stafor.com\/de\/wp-json\/wp\/v2\/product"}],"about":[{"href":"https:\/\/www.stafor.com\/de\/wp-json\/wp\/v2\/types\/product"}],"wp:featuredmedia":[{"embeddable":true,"href":"https:\/\/www.stafor.com\/de\/wp-json\/wp\/v2\/media\/2254"}],"wp:attachment":[{"href":"https:\/\/www.stafor.com\/de\/wp-json\/wp\/v2\/media?parent=3949"}],"wp:term":[{"taxonomy":"product_brand","embeddable":true,"href":"https:\/\/www.stafor.com\/de\/wp-json\/wp\/v2\/product_brand?post=3949"},{"taxonomy":"product_cat","embeddable":true,"href":"https:\/\/www.stafor.com\/de\/wp-json\/wp\/v2\/product_cat?post=3949"},{"taxonomy":"product_tag","embeddable":true,"href":"https:\/\/www.stafor.com\/de\/wp-json\/wp\/v2\/product_tag?post=3949"}],"curies":[{"name":"wp","href":"https:\/\/api.w.org\/{rel}","templated":true}]}}