{"id":3953,"date":"2018-01-23T17:21:27","date_gmt":"2018-01-23T16:21:27","guid":{"rendered":"https:\/\/www.stafor.com\/catalogo-prodotti\/unkategorisiert\/700\/"},"modified":"2019-02-20T09:57:38","modified_gmt":"2019-02-20T08:57:38","slug":"700-profi-astschere-schmale-klinge","status":"publish","type":"product","link":"https:\/\/www.stafor.com\/de\/produktkatalog\/baumschere\/700-profi-astschere-schmale-klinge\/","title":{"rendered":"700"},"content":{"rendered":"<p>PROFI-ASTSCHERE F\u00fcr GARTENBAU, MIT SCHMALER KLINGE<\/p>\n<p>Astschere zum Ausschneiden im Weingarten und in der Baumschule.<br \/>\n<strong>Messer<\/strong>: auswechselbar, aus geh\u00e4rtetem, geschliffenem und br\u00fcniertem Qualit\u00e4tsstahl. Auswechselbares <strong>Gegenmesser<\/strong> mit stabilisierender Verzahnung. <strong>Schraube<\/strong> und <strong>geh\u00e4rtete<\/strong> mittlere Mutter mit Muttersicherung und Einstellschraube. <strong>Gummid\u00e4mpfer<\/strong>. <strong>Griffstangen<\/strong>: aus einer leichten Legierung mit Kunststoffgriffen.<\/p>\n","protected":false},"excerpt":{"rendered":"<p>Kleines und gerades Messer, mit dem auch enge Stellen leicht erreichbar werden. Praktische und handliche Astschere in den L\u00e4ngen 50 und 60 cm.<\/p>\n","protected":false},"featured_media":2425,"template":"","meta":{"_seopress_robots_primary_cat":"","_seopress_titles_title":"700 - PROFI-ASTSCHERE F\u00fcr GARTENBAU, MIT SCHMALER KLINGE","_seopress_titles_desc":"Astschere zum Ausschneiden im Weingarten und in der Baumschule.Messer: auswechselbar, aus geh\u00e4rtetem, geschliffenem und br\u00fcniertem Qualit\u00e4tsstahl.","_seopress_robots_index":""},"product_brand":[],"product_cat":[112],"product_tag":[],"class_list":{"0":"post-3953","1":"product","2":"type-product","3":"status-publish","4":"has-post-thumbnail","6":"product_cat-baumschere","8":"first","9":"instock","10":"shipping-taxable","11":"product-type-simple"},"_links":{"self":[{"href":"https:\/\/www.stafor.com\/de\/wp-json\/wp\/v2\/product\/3953","targetHints":{"allow":["GET"]}}],"collection":[{"href":"https:\/\/www.stafor.com\/de\/wp-json\/wp\/v2\/product"}],"about":[{"href":"https:\/\/www.stafor.com\/de\/wp-json\/wp\/v2\/types\/product"}],"wp:featuredmedia":[{"embeddable":true,"href":"https:\/\/www.stafor.com\/de\/wp-json\/wp\/v2\/media\/2425"}],"wp:attachment":[{"href":"https:\/\/www.stafor.com\/de\/wp-json\/wp\/v2\/media?parent=3953"}],"wp:term":[{"taxonomy":"product_brand","embeddable":true,"href":"https:\/\/www.stafor.com\/de\/wp-json\/wp\/v2\/product_brand?post=3953"},{"taxonomy":"product_cat","embeddable":true,"href":"https:\/\/www.stafor.com\/de\/wp-json\/wp\/v2\/product_cat?post=3953"},{"taxonomy":"product_tag","embeddable":true,"href":"https:\/\/www.stafor.com\/de\/wp-json\/wp\/v2\/product_tag?post=3953"}],"curies":[{"name":"wp","href":"https:\/\/api.w.org\/{rel}","templated":true}]}}