{"id":3955,"date":"2018-01-24T09:21:23","date_gmt":"2018-01-24T08:21:23","guid":{"rendered":"https:\/\/www.stafor.com\/catalogo-prodotti\/unkategorisiert\/702\/"},"modified":"2019-02-20T09:59:03","modified_gmt":"2019-02-20T08:59:03","slug":"702-riesige-profi-astschere","status":"publish","type":"product","link":"https:\/\/www.stafor.com\/de\/produktkatalog\/baumschere\/702-riesige-profi-astschere\/","title":{"rendered":"702"},"content":{"rendered":"<p>RIESIGE PROFI-ASTSCHERE<\/p>\n<p>Riesige Schere mit gest\u00e4rkter Klinge, ideal zum Abschneiden gro\u00dfer \u00c4ste.<br \/>\n<strong>Messer <\/strong>und <strong>Gegenmesser<\/strong>: auswechselbar, aus geh\u00e4rtetem, geschliffenem und br\u00fcniertem Qualit\u00e4tsstahl. <strong>Gummianschlag<\/strong>: Gummid\u00e4mpfer und Endanschlag. <strong>Schraube<\/strong> und geh\u00e4rtete <strong>mittlere Mutter<\/strong> mit Muttersicherung und Einstellschraube. Griffstangen aus einer leichten Legierung mit weichen Gummigriffen. <strong>Schnittleistung<\/strong> \u00f8 50 mm.<\/p>\n","protected":false},"excerpt":{"rendered":"<p>Au\u00dfergew\u00f6hnlich belastbare Messer.<\/p>\n","protected":false},"featured_media":2435,"template":"","meta":{"_seopress_robots_primary_cat":"","_seopress_titles_title":"702 - RIESIGE PROFI-ASTSCHERE","_seopress_titles_desc":"Riesige Schere mit gest\u00e4rkter Klinge, ideal zum Abschneiden gro\u00dfer \u00c4ste. Messer und Gegenmesser: auswechselbar, aus geh\u00e4rtetem, geschliffenem.","_seopress_robots_index":""},"product_brand":[],"product_cat":[112],"product_tag":[],"class_list":{"0":"post-3955","1":"product","2":"type-product","3":"status-publish","4":"has-post-thumbnail","6":"product_cat-baumschere","8":"first","9":"instock","10":"shipping-taxable","11":"product-type-simple"},"_links":{"self":[{"href":"https:\/\/www.stafor.com\/de\/wp-json\/wp\/v2\/product\/3955","targetHints":{"allow":["GET"]}}],"collection":[{"href":"https:\/\/www.stafor.com\/de\/wp-json\/wp\/v2\/product"}],"about":[{"href":"https:\/\/www.stafor.com\/de\/wp-json\/wp\/v2\/types\/product"}],"wp:featuredmedia":[{"embeddable":true,"href":"https:\/\/www.stafor.com\/de\/wp-json\/wp\/v2\/media\/2435"}],"wp:attachment":[{"href":"https:\/\/www.stafor.com\/de\/wp-json\/wp\/v2\/media?parent=3955"}],"wp:term":[{"taxonomy":"product_brand","embeddable":true,"href":"https:\/\/www.stafor.com\/de\/wp-json\/wp\/v2\/product_brand?post=3955"},{"taxonomy":"product_cat","embeddable":true,"href":"https:\/\/www.stafor.com\/de\/wp-json\/wp\/v2\/product_cat?post=3955"},{"taxonomy":"product_tag","embeddable":true,"href":"https:\/\/www.stafor.com\/de\/wp-json\/wp\/v2\/product_tag?post=3955"}],"curies":[{"name":"wp","href":"https:\/\/api.w.org\/{rel}","templated":true}]}}