{"id":3957,"date":"2018-01-24T14:36:20","date_gmt":"2018-01-24T13:36:20","guid":{"rendered":"https:\/\/www.stafor.com\/catalogo-prodotti\/unkategorisiert\/800\/"},"modified":"2019-02-20T10:08:40","modified_gmt":"2019-02-20T09:08:40","slug":"800-profi-baumschere-mit-amboss-schnitt-gerades-profil-mit-kraftreduktion","status":"publish","type":"product","link":"https:\/\/www.stafor.com\/de\/produktkatalog\/baumschere\/800-profi-baumschere-mit-amboss-schnitt-gerades-profil-mit-kraftreduktion\/","title":{"rendered":"800"},"content":{"rendered":"<p>PROFI-BAUMSCHERE Mit AMBOSS-SCHNITT, GERADES PROFIL mit KRAFTREDUKTION<\/p>\n<p>Amboss-Baumschere mit durch das Hebelsystem verst\u00e4rktem Schnitt, eignet sich perfekt f\u00fcr das Abschneiden starker \u00c4ste.<br \/>\n<strong>Messer<\/strong>: auswechselbar, aus geh\u00e4rtetem, geschliffenem und br\u00fcniertem <strong>Qualit\u00e4tsstahl<\/strong>. Amboss: auswechselbar aus einer leichtem Legierung. <strong>Geh\u00e4rtete Schrauben<\/strong> und Befestigungsmuttern. <strong>Hebelmechanismus<\/strong>: aus geh\u00e4rtetem Stahl. Griffstangen: aus einer leichten Legierung mit Kunststoffgriffen. <strong>Schnittleistung<\/strong> \u00f8 50 mm.<\/p>\n","protected":false},"excerpt":{"rendered":"<p>Amboss-Baumschere mit geradem Messerprofil, Amboss aus Aluminium. Messer und Amboss auswechselbar und alle Ersatzteile f\u00fcr unsere Modelle sind immer sofort verf\u00fcgbar.<br \/>\nDiese extrem stabile Baumschere verf\u00fcgt \u00fcber ein Hebelsystem, das gemeinsam mit einem umlaufenden Schnitt auch das Schneiden von dicken \u00c4sten leicht gestaltet.<br \/>\nFest montierte Griffstangen aus Aluminium mit Kunststoffgriffen.<\/p>\n","protected":false},"featured_media":2445,"template":"","meta":{"_seopress_robots_primary_cat":"","_seopress_titles_title":"800 - PROFI-BAUMSCHERE Mit AMBOSS-SCHNITT","_seopress_titles_desc":"Amboss-Baumschere mit durch das Hebelsystem verst\u00e4rktem Schnitt, eignet sich perfekt f\u00fcr das Abschneiden starker \u00c4ste.","_seopress_robots_index":""},"product_brand":[],"product_cat":[112],"product_tag":[],"class_list":{"0":"post-3957","1":"product","2":"type-product","3":"status-publish","4":"has-post-thumbnail","6":"product_cat-baumschere","8":"first","9":"instock","10":"shipping-taxable","11":"product-type-simple"},"_links":{"self":[{"href":"https:\/\/www.stafor.com\/de\/wp-json\/wp\/v2\/product\/3957","targetHints":{"allow":["GET"]}}],"collection":[{"href":"https:\/\/www.stafor.com\/de\/wp-json\/wp\/v2\/product"}],"about":[{"href":"https:\/\/www.stafor.com\/de\/wp-json\/wp\/v2\/types\/product"}],"wp:featuredmedia":[{"embeddable":true,"href":"https:\/\/www.stafor.com\/de\/wp-json\/wp\/v2\/media\/2445"}],"wp:attachment":[{"href":"https:\/\/www.stafor.com\/de\/wp-json\/wp\/v2\/media?parent=3957"}],"wp:term":[{"taxonomy":"product_brand","embeddable":true,"href":"https:\/\/www.stafor.com\/de\/wp-json\/wp\/v2\/product_brand?post=3957"},{"taxonomy":"product_cat","embeddable":true,"href":"https:\/\/www.stafor.com\/de\/wp-json\/wp\/v2\/product_cat?post=3957"},{"taxonomy":"product_tag","embeddable":true,"href":"https:\/\/www.stafor.com\/de\/wp-json\/wp\/v2\/product_tag?post=3957"}],"curies":[{"name":"wp","href":"https:\/\/api.w.org\/{rel}","templated":true}]}}