{"id":3961,"date":"2018-01-24T14:56:40","date_gmt":"2018-01-24T13:56:40","guid":{"rendered":"https:\/\/www.stafor.com\/catalogo-prodotti\/unkategorisiert\/810\/"},"modified":"2019-02-20T10:11:46","modified_gmt":"2019-02-20T09:11:46","slug":"810-profi-baumschere-mit-amboss-schnitt-gerades-profil-schmale-klinge","status":"publish","type":"product","link":"https:\/\/www.stafor.com\/de\/produktkatalog\/baumschere\/810-profi-baumschere-mit-amboss-schnitt-gerades-profil-schmale-klinge\/","title":{"rendered":"810"},"content":{"rendered":"<p>PROFI-BAUMSCHERE Mit AMBOSS-SCHNITT, GERADES PROFIL, SCHMALE KLINGE<\/p>\n<p>Baumschere mit Hebelsystem und geradem Anschlag, mit schmalerer Klinge, die leichter in dichteres Astwerk geschoben werden kann.<br \/>\n<strong>Messer<\/strong>: aus geh\u00e4rtetem Qualit\u00e4tsstahl. <strong>Amboss<\/strong>: auswechselbar, aus geschmiedetem Aluminium. <strong>Schrauben und Muttern<\/strong> aus geh\u00e4rtetem Stahl. <strong>Griffstangen<\/strong>: aus einer leichten Legierung mit Kunststoffgriffen. <strong>Schnittleistung<\/strong> \u00f8 45 mm.<\/p>\n","protected":false},"excerpt":{"rendered":"<p>Stabile Amboss-Bauschere, Messer mit geradem Profil. Bei der Entwicklung dieses Werkzeugs war entscheidend, dass es leicht ist.<br \/>\nDas neue Hebelsystem erm\u00f6glicht das Schneiden von \u00c4sten mit einem Durchmesser von bis zu 45 mm ohne gro\u00dfen Kraftaufwand.<br \/>\nFest montierte Griffstangen aus einer Aluminiumlegierung mit angenehm geformten Kunststoffgriffen.<\/p>\n<p>Im Vergleich zu Modell 806 ist diese Schere mit einem schmaleren Messer ausgestattet, das leichter in dichtere Pflanzen geschoben werden kann.<\/p>\n","protected":false},"featured_media":2465,"template":"","meta":{"_seopress_robots_primary_cat":"","_seopress_titles_title":"810 - PROFI-BAUMSCHERE Mit AMBOSS-SCHNITT, GERADES PROFIL","_seopress_titles_desc":"Baumschere mit Hebelsystem und geradem Anschlag, mit schmalerer Klinge, die leichter in dichteres Astwerk geschoben werden kann.","_seopress_robots_index":""},"product_brand":[],"product_cat":[112],"product_tag":[],"class_list":{"0":"post-3961","1":"product","2":"type-product","3":"status-publish","4":"has-post-thumbnail","6":"product_cat-baumschere","8":"first","9":"instock","10":"shipping-taxable","11":"product-type-simple"},"_links":{"self":[{"href":"https:\/\/www.stafor.com\/de\/wp-json\/wp\/v2\/product\/3961","targetHints":{"allow":["GET"]}}],"collection":[{"href":"https:\/\/www.stafor.com\/de\/wp-json\/wp\/v2\/product"}],"about":[{"href":"https:\/\/www.stafor.com\/de\/wp-json\/wp\/v2\/types\/product"}],"wp:featuredmedia":[{"embeddable":true,"href":"https:\/\/www.stafor.com\/de\/wp-json\/wp\/v2\/media\/2465"}],"wp:attachment":[{"href":"https:\/\/www.stafor.com\/de\/wp-json\/wp\/v2\/media?parent=3961"}],"wp:term":[{"taxonomy":"product_brand","embeddable":true,"href":"https:\/\/www.stafor.com\/de\/wp-json\/wp\/v2\/product_brand?post=3961"},{"taxonomy":"product_cat","embeddable":true,"href":"https:\/\/www.stafor.com\/de\/wp-json\/wp\/v2\/product_cat?post=3961"},{"taxonomy":"product_tag","embeddable":true,"href":"https:\/\/www.stafor.com\/de\/wp-json\/wp\/v2\/product_tag?post=3961"}],"curies":[{"name":"wp","href":"https:\/\/api.w.org\/{rel}","templated":true}]}}