{"id":3965,"date":"2018-01-25T12:27:29","date_gmt":"2018-01-25T11:27:29","guid":{"rendered":"https:\/\/www.stafor.com\/catalogo-prodotti\/unkategorisiert\/211\/"},"modified":"2018-09-05T12:21:13","modified_gmt":"2018-09-05T10:21:13","slug":"211-messer-mit-geradliniger-klinge-65-cm-lang-kunststoffgriff","status":"publish","type":"product","link":"https:\/\/www.stafor.com\/de\/produktkatalog\/veredelungsmesser\/211-messer-mit-geradliniger-klinge-65-cm-lang-kunststoffgriff\/","title":{"rendered":"211"},"content":{"rendered":"<p>Messer mit geradliniger Klinge (6,5 cm), Kunststoffgriff<\/p>\n<p><strong>Klinge<\/strong>: geradlinig, aus speziell mattiertem Qualit\u00e4tsstahl. Schwarzer, gl\u00e4nzender Kunststoffgriff mit interner Verst\u00e4rkungsstruktur aus Messing und Messingnieten.<\/p>\n","protected":false},"excerpt":{"rendered":"<p>Veredelungsmesser mit Klinge aus speziell mattiertem Qualit\u00e4tsstahl und geradem Schnittprofil. Der R\u00fccken der Klinge ist zudem zum \u00d6ffnen der Rinde geeignet.<br \/>\nSchwarzer, gl\u00e4nzender Kunststoffgriff mit interner Verst\u00e4rkungsstruktur aus Messing und Messingnieten.<\/p>\n","protected":false},"featured_media":1382,"template":"","meta":{"_seopress_robots_primary_cat":"","_seopress_titles_title":"%%title%% - Messer mit geradliniger Klinge (6,5 cm), Kunststoffgriff","_seopress_titles_desc":"Klinge: geradlinig, aus speziell mattiertem Qualit\u00e4tsstahl.","_seopress_robots_index":""},"product_brand":[],"product_cat":[99],"product_tag":[],"class_list":{"0":"post-3965","1":"product","2":"type-product","3":"status-publish","4":"has-post-thumbnail","6":"product_cat-veredelungsmesser","8":"first","9":"instock","10":"shipping-taxable","11":"product-type-simple"},"_links":{"self":[{"href":"https:\/\/www.stafor.com\/de\/wp-json\/wp\/v2\/product\/3965","targetHints":{"allow":["GET"]}}],"collection":[{"href":"https:\/\/www.stafor.com\/de\/wp-json\/wp\/v2\/product"}],"about":[{"href":"https:\/\/www.stafor.com\/de\/wp-json\/wp\/v2\/types\/product"}],"wp:featuredmedia":[{"embeddable":true,"href":"https:\/\/www.stafor.com\/de\/wp-json\/wp\/v2\/media\/1382"}],"wp:attachment":[{"href":"https:\/\/www.stafor.com\/de\/wp-json\/wp\/v2\/media?parent=3965"}],"wp:term":[{"taxonomy":"product_brand","embeddable":true,"href":"https:\/\/www.stafor.com\/de\/wp-json\/wp\/v2\/product_brand?post=3965"},{"taxonomy":"product_cat","embeddable":true,"href":"https:\/\/www.stafor.com\/de\/wp-json\/wp\/v2\/product_cat?post=3965"},{"taxonomy":"product_tag","embeddable":true,"href":"https:\/\/www.stafor.com\/de\/wp-json\/wp\/v2\/product_tag?post=3965"}],"curies":[{"name":"wp","href":"https:\/\/api.w.org\/{rel}","templated":true}]}}