{"id":4761,"date":"2018-01-25T12:44:57","date_gmt":"2018-01-25T11:44:57","guid":{"rendered":"https:\/\/www.stafor.com\/catalogo-prodotti\/unkategorisiert\/201sx\/"},"modified":"2018-09-07T10:09:46","modified_gmt":"2018-09-07T08:09:46","slug":"201sx-messer-fur-linkshander-mit-geradliniger-klinge-65cm-lang-auswechselbar-kunststoffgriff","status":"publish","type":"product","link":"https:\/\/www.stafor.com\/de\/produktkatalog\/scheren-fur-linkshander\/201sx-messer-fur-linkshander-mit-geradliniger-klinge-65cm-lang-auswechselbar-kunststoffgriff\/","title":{"rendered":"201SX"},"content":{"rendered":"<p>Messer f\u00fcr LINKSH\u00c4NDER, geradlinige Klinge (6,5 cm), auswechselbar, Kunststoffgriff<\/p>\n<p>Gerade geformte <strong>Klinge<\/strong>, aus speziell mattiertem Qualit\u00e4tsstahl, auswechselbar. <strong>Griff<\/strong> aus schwarzem Kunststoff. Schliff f\u00fcr die Verwendung <strong>mit der linken Hand geeignet<\/strong>.<\/p>\n","protected":false},"excerpt":{"rendered":"<p>Pfropfen messer <strong>f\u00fcr Linksh\u00e4ndigen<\/strong>, mit Klinge aus Qualit\u00e4tsstahl. Der R\u00fccken der auswechselbare Klinge ist zudem zum \u00d6ffnen der Rinde geeignet.<br \/>\nSchwarzer, leichter und handlicher Kunststoffgriff.<\/p>\n","protected":false},"featured_media":1402,"template":"","meta":{"_seopress_robots_primary_cat":"","_seopress_titles_title":"201SX - Messer f\u00fcr LINKSH\u00c4NDER, geradlinige Klinge, auswechselbar","_seopress_titles_desc":"Gerade geformte Klinge, aus speziell mattiertem Qualit\u00e4tsstahl, auswechselbar. Griff aus schwarzem Kunststoff. Schliff f\u00fcr die Verwendung mit der linken Hand geeignet.","_seopress_robots_index":""},"product_brand":[],"product_cat":[102],"product_tag":[],"class_list":{"0":"post-4761","1":"product","2":"type-product","3":"status-publish","4":"has-post-thumbnail","6":"product_cat-scheren-fur-linkshander","8":"first","9":"instock","10":"shipping-taxable","11":"product-type-simple"},"_links":{"self":[{"href":"https:\/\/www.stafor.com\/de\/wp-json\/wp\/v2\/product\/4761","targetHints":{"allow":["GET"]}}],"collection":[{"href":"https:\/\/www.stafor.com\/de\/wp-json\/wp\/v2\/product"}],"about":[{"href":"https:\/\/www.stafor.com\/de\/wp-json\/wp\/v2\/types\/product"}],"wp:featuredmedia":[{"embeddable":true,"href":"https:\/\/www.stafor.com\/de\/wp-json\/wp\/v2\/media\/1402"}],"wp:attachment":[{"href":"https:\/\/www.stafor.com\/de\/wp-json\/wp\/v2\/media?parent=4761"}],"wp:term":[{"taxonomy":"product_brand","embeddable":true,"href":"https:\/\/www.stafor.com\/de\/wp-json\/wp\/v2\/product_brand?post=4761"},{"taxonomy":"product_cat","embeddable":true,"href":"https:\/\/www.stafor.com\/de\/wp-json\/wp\/v2\/product_cat?post=4761"},{"taxonomy":"product_tag","embeddable":true,"href":"https:\/\/www.stafor.com\/de\/wp-json\/wp\/v2\/product_tag?post=4761"}],"curies":[{"name":"wp","href":"https:\/\/api.w.org\/{rel}","templated":true}]}}