{"id":5784,"date":"2018-03-19T10:36:25","date_gmt":"2018-03-19T09:36:25","guid":{"rendered":"https:\/\/www.stafor.com\/divisione-meccanica\/"},"modified":"2018-09-12T09:50:44","modified_gmt":"2018-09-12T07:50:44","slug":"seccion-mecanica","status":"publish","type":"page","link":"https:\/\/www.stafor.com\/es\/seccion-mecanica\/","title":{"rendered":"Secci\u00f3n mec\u00e1nica"},"content":{"rendered":"","protected":false},"excerpt":{"rendered":"","protected":false},"author":1,"featured_media":0,"parent":0,"menu_order":0,"comment_status":"closed","ping_status":"closed","template":"","meta":{"_seopress_robots_primary_cat":"","_seopress_titles_title":"Secci\u00f3n mec\u00e1nica - componentes mec\u00e1nicos para sector agr\u00edcola","_seopress_titles_desc":"La divisi\u00f3n de la empresa que, desde 1975 se ocupa de elaboraciones mec\u00e1nicas de elevada precisi\u00f3n, y es sin\u00f3nimo de Garant\u00eda","_seopress_robots_index":"","_seopress_analysis_target_kw":"","footnotes":""},"class_list":["post-5784","page","type-page","status-publish","hentry"],"_links":{"self":[{"href":"https:\/\/www.stafor.com\/es\/wp-json\/wp\/v2\/pages\/5784","targetHints":{"allow":["GET"]}}],"collection":[{"href":"https:\/\/www.stafor.com\/es\/wp-json\/wp\/v2\/pages"}],"about":[{"href":"https:\/\/www.stafor.com\/es\/wp-json\/wp\/v2\/types\/page"}],"author":[{"embeddable":true,"href":"https:\/\/www.stafor.com\/es\/wp-json\/wp\/v2\/users\/1"}],"replies":[{"embeddable":true,"href":"https:\/\/www.stafor.com\/es\/wp-json\/wp\/v2\/comments?post=5784"}],"version-history":[{"count":1,"href":"https:\/\/www.stafor.com\/es\/wp-json\/wp\/v2\/pages\/5784\/revisions"}],"predecessor-version":[{"id":5785,"href":"https:\/\/www.stafor.com\/es\/wp-json\/wp\/v2\/pages\/5784\/revisions\/5785"}],"wp:attachment":[{"href":"https:\/\/www.stafor.com\/es\/wp-json\/wp\/v2\/media?parent=5784"}],"curies":[{"name":"wp","href":"https:\/\/api.w.org\/{rel}","templated":true}]}}