{"id":3975,"date":"2018-01-25T13:28:35","date_gmt":"2018-01-25T12:28:35","guid":{"rendered":"https:\/\/www.stafor.com\/catalogo-prodotti\/sin%20categorizar\/261\/"},"modified":"2018-09-06T10:21:41","modified_gmt":"2018-09-06T08:21:41","slug":"261-podadera-con-cuchilla-de-acero-inoxidable-satinado-de-cm6","status":"publish","type":"product","link":"https:\/\/www.stafor.com\/es\/catalogo-productos\/podaderas-para-poda\/261-podadera-con-cuchilla-de-acero-inoxidable-satinado-de-cm6\/","title":{"rendered":"261"},"content":{"rendered":"<p>Podadera con cuchilla de acero inoxidable, satinado, de cm6<\/p>\n<p><strong>Cuchilla<\/strong>: de acero inoxidable satinado. <strong>Mango<\/strong> de madera, estructura interna de refuerzo de acero. <strong>Longitud de la cuchilla<\/strong>: 6 cm. <strong>Longitud total<\/strong>: 14 cm.<\/p>\n","protected":false},"excerpt":{"rendered":"<p>La podadera profesional con cuchilla de acero inoxidable satinado est\u00e1 caracterizada por un peque\u00f1o radio de corte para la m\u00e1xima ubicaci\u00f3n del tallo que se debe cortar. Mango de madera con estructura interna de refuerzo de lat\u00f3n, remaches de lat\u00f3n.<\/p>\n<p>Mosquet\u00f3n para cuerda de seguridad.<\/p>\n","protected":false},"featured_media":2587,"template":"","meta":{"_seopress_robots_primary_cat":"","_seopress_titles_title":"%%title%% - Podadera con cuchilla de acero inoxidable, satinado, de cm6","_seopress_titles_desc":"Cuchilla: de acero inoxidable satinado. Mango de madera, estructura interna de refuerzo de acero. Longitud de la cuchilla: 6 cm. Longitud total: 14 cm.","_seopress_robots_index":""},"product_brand":[],"product_cat":[126],"product_tag":[],"class_list":{"0":"post-3975","1":"product","2":"type-product","3":"status-publish","4":"has-post-thumbnail","6":"product_cat-podaderas-para-poda","8":"first","9":"instock","10":"shipping-taxable","11":"product-type-simple"},"_links":{"self":[{"href":"https:\/\/www.stafor.com\/es\/wp-json\/wp\/v2\/product\/3975","targetHints":{"allow":["GET"]}}],"collection":[{"href":"https:\/\/www.stafor.com\/es\/wp-json\/wp\/v2\/product"}],"about":[{"href":"https:\/\/www.stafor.com\/es\/wp-json\/wp\/v2\/types\/product"}],"wp:featuredmedia":[{"embeddable":true,"href":"https:\/\/www.stafor.com\/es\/wp-json\/wp\/v2\/media\/2587"}],"wp:attachment":[{"href":"https:\/\/www.stafor.com\/es\/wp-json\/wp\/v2\/media?parent=3975"}],"wp:term":[{"taxonomy":"product_brand","embeddable":true,"href":"https:\/\/www.stafor.com\/es\/wp-json\/wp\/v2\/product_brand?post=3975"},{"taxonomy":"product_cat","embeddable":true,"href":"https:\/\/www.stafor.com\/es\/wp-json\/wp\/v2\/product_cat?post=3975"},{"taxonomy":"product_tag","embeddable":true,"href":"https:\/\/www.stafor.com\/es\/wp-json\/wp\/v2\/product_tag?post=3975"}],"curies":[{"name":"wp","href":"https:\/\/api.w.org\/{rel}","templated":true}]}}