{"id":3995,"date":"2018-01-25T15:20:30","date_gmt":"2018-01-25T14:20:30","guid":{"rendered":"https:\/\/www.stafor.com\/catalogo-prodotti\/sin%20categorizar\/990-piedra-sintetica-mm100x25\/"},"modified":"2018-09-06T11:17:17","modified_gmt":"2018-09-06T09:17:17","slug":"990-piedra-sintetica-mm100x25","status":"publish","type":"product","link":"https:\/\/www.stafor.com\/es\/catalogo-productos\/piedras-para-afilar\/990-piedra-sintetica-mm100x25\/","title":{"rendered":"990"},"content":{"rendered":"<p>Piedra sint\u00e9tica mm100x25<\/p>\n<p>Piedra sint\u00e9tica de corind\u00f3n de doble cara, \u00fatil para afilar cualquier tipo de cuchilla. Se puede utilizar en seco, o humedecida con agua, aceite o petr\u00f3leo. Tama\u00f1o: 100 x 25 mm.<\/p>\n","protected":false},"excerpt":{"rendered":"<p>Piedra sint\u00e9tica mm100x25 Piedra sint\u00e9tica de corind\u00f3n de doble cara, \u00fatil para afilar cualquier tipo de cuchilla. Se puede utilizar en seco, o humedecida con agua,<span class=\"excerpt-hellip\"> [\u2026]<\/span><\/p>\n","protected":false},"featured_media":2674,"template":"","meta":{"_seopress_robots_primary_cat":"","_seopress_titles_title":"%%title%% - Piedra sint\u00e9tica mm100x25","_seopress_titles_desc":"Piedra sint\u00e9tica de corind\u00f3n de doble cara, \u00fatil para afilar cualquier tipo de cuchilla. Se puede utilizar en seco, o humedecida.","_seopress_robots_index":"","_seopress_analysis_target_kw":""},"product_brand":[],"product_cat":[128],"product_tag":[],"class_list":{"0":"post-3995","1":"product","2":"type-product","3":"status-publish","4":"has-post-thumbnail","6":"product_cat-piedras-para-afilar","8":"first","9":"instock","10":"shipping-taxable","11":"product-type-simple"},"_links":{"self":[{"href":"https:\/\/www.stafor.com\/es\/wp-json\/wp\/v2\/product\/3995","targetHints":{"allow":["GET"]}}],"collection":[{"href":"https:\/\/www.stafor.com\/es\/wp-json\/wp\/v2\/product"}],"about":[{"href":"https:\/\/www.stafor.com\/es\/wp-json\/wp\/v2\/types\/product"}],"wp:featuredmedia":[{"embeddable":true,"href":"https:\/\/www.stafor.com\/es\/wp-json\/wp\/v2\/media\/2674"}],"wp:attachment":[{"href":"https:\/\/www.stafor.com\/es\/wp-json\/wp\/v2\/media?parent=3995"}],"wp:term":[{"taxonomy":"product_brand","embeddable":true,"href":"https:\/\/www.stafor.com\/es\/wp-json\/wp\/v2\/product_brand?post=3995"},{"taxonomy":"product_cat","embeddable":true,"href":"https:\/\/www.stafor.com\/es\/wp-json\/wp\/v2\/product_cat?post=3995"},{"taxonomy":"product_tag","embeddable":true,"href":"https:\/\/www.stafor.com\/es\/wp-json\/wp\/v2\/product_tag?post=3995"}],"curies":[{"name":"wp","href":"https:\/\/api.w.org\/{rel}","templated":true}]}}