{"id":4002,"date":"2018-01-25T16:12:28","date_gmt":"2018-01-25T15:12:28","guid":{"rendered":"https:\/\/www.stafor.com\/catalogo-prodotti\/sin%20categorizar\/987\/"},"modified":"2018-09-06T11:15:10","modified_gmt":"2018-09-06T09:15:10","slug":"987-piedra-conica-para-usos-diversos","status":"publish","type":"product","link":"https:\/\/www.stafor.com\/es\/catalogo-productos\/piedras-para-afilar\/987-piedra-conica-para-usos-diversos\/","title":{"rendered":"987"},"content":{"rendered":"<p>Piedra c\u00f3nica sint\u00e9tica Rosa. Adecuada para varios usos y chaira pr\u00e1ctica.<\/p>\n","protected":false},"excerpt":{"rendered":"<p>Piedra c\u00f3nica sint\u00e9tica Rosa. Adecuada para varios usos y chaira pr\u00e1ctica.<\/p>\n","protected":false},"featured_media":2709,"template":"","meta":{"_seopress_robots_primary_cat":"","_seopress_titles_title":"%%title%% - Piedra c\u00f3nica sint\u00e9tica Rosa.","_seopress_titles_desc":"Adecuada para varios usos y chaira pr\u00e1ctica.","_seopress_robots_index":"","_seopress_analysis_target_kw":""},"product_brand":[],"product_cat":[128],"product_tag":[],"class_list":{"0":"post-4002","1":"product","2":"type-product","3":"status-publish","4":"has-post-thumbnail","6":"product_cat-piedras-para-afilar","8":"first","9":"instock","10":"shipping-taxable","11":"product-type-simple"},"_links":{"self":[{"href":"https:\/\/www.stafor.com\/es\/wp-json\/wp\/v2\/product\/4002","targetHints":{"allow":["GET"]}}],"collection":[{"href":"https:\/\/www.stafor.com\/es\/wp-json\/wp\/v2\/product"}],"about":[{"href":"https:\/\/www.stafor.com\/es\/wp-json\/wp\/v2\/types\/product"}],"wp:featuredmedia":[{"embeddable":true,"href":"https:\/\/www.stafor.com\/es\/wp-json\/wp\/v2\/media\/2709"}],"wp:attachment":[{"href":"https:\/\/www.stafor.com\/es\/wp-json\/wp\/v2\/media?parent=4002"}],"wp:term":[{"taxonomy":"product_brand","embeddable":true,"href":"https:\/\/www.stafor.com\/es\/wp-json\/wp\/v2\/product_brand?post=4002"},{"taxonomy":"product_cat","embeddable":true,"href":"https:\/\/www.stafor.com\/es\/wp-json\/wp\/v2\/product_cat?post=4002"},{"taxonomy":"product_tag","embeddable":true,"href":"https:\/\/www.stafor.com\/es\/wp-json\/wp\/v2\/product_tag?post=4002"}],"curies":[{"name":"wp","href":"https:\/\/api.w.org\/{rel}","templated":true}]}}