{"id":4006,"date":"2018-01-23T11:19:31","date_gmt":"2018-01-23T10:19:31","guid":{"rendered":"https:\/\/www.stafor.com\/catalogo-prodotti\/sin%20categorizar\/910\/"},"modified":"2018-09-07T09:21:26","modified_gmt":"2018-09-07T07:21:26","slug":"910-tijeras-prof-para-poda-mm215-cuchilla-cubierta-con-ptfe","status":"publish","type":"product","link":"https:\/\/www.stafor.com\/es\/catalogo-productos\/tijeras-para-poda\/910-tijeras-prof-para-poda-mm215-cuchilla-cubierta-con-ptfe\/","title":{"rendered":"910"},"content":{"rendered":"<p>TIJERAS PROF. para PODA, CUCHILLA CUBIERTA con PTFE<\/p>\n<p>Cizalla ergon\u00f3mica, con cuchillas potenciadas mediante el tratamiento especial de acabado superficial. Ideal para la poda de la vi\u00f1a y la jardiner\u00eda.<br \/>\n<strong>Cuchilla<\/strong>: intercambiable de acero al carbono templado con revestimiento de PTFE. <strong>Mango<\/strong>: revestido con polipropileno. <strong>Cierre<\/strong>: met\u00e1lico. <strong>Tornillo<\/strong> y <strong>tuerca central<\/strong> de acero, con placa de fijaci\u00f3n de la tuerca y tornillo de regulaci\u00f3n. <strong>Goma<\/strong>: amortiguadora parachoques.<\/p>\n","protected":false},"excerpt":{"rendered":"<p>Tijeras resistentes para la poda, con cuchilla equipada con revestimiento especial de PTFE. Dicho revestimiento favorece el desplazamiento de la cuchilla durante el corte, adem\u00e1s de prevenir la formaci\u00f3n de \u00f3xido y facilitar las operaciones de limpieza.<br \/>\nEl mango est\u00e1 dise\u00f1ado con atenci\u00f3n para lograr la m\u00e1xima ergonom\u00eda. Para acabar, el corte es todav\u00eda m\u00e1s suave gracias a la amortiguaci\u00f3n colocada de modo escamoteable.<\/p>\n<p>Cuchilla y contracuchilla de acero al carbono templado.<\/p>\n","protected":false},"featured_media":3541,"template":"","meta":{"_seopress_robots_primary_cat":"","_seopress_titles_title":"910 - Tijeras profesional para poda, cuchilla cubierta con PTFE","_seopress_titles_desc":"Cizalla ergon\u00f3mica, con cuchillas potenciadas mediante el tratamiento especial de acabado superficial. Ideal para la poda de la vi\u00f1a y la jardiner\u00eda.","_seopress_robots_index":""},"product_brand":[],"product_cat":[118],"product_tag":[],"class_list":{"0":"post-4006","1":"product","2":"type-product","3":"status-publish","4":"has-post-thumbnail","6":"product_cat-tijeras-para-poda","8":"first","9":"instock","10":"shipping-taxable","11":"product-type-simple"},"_links":{"self":[{"href":"https:\/\/www.stafor.com\/es\/wp-json\/wp\/v2\/product\/4006","targetHints":{"allow":["GET"]}}],"collection":[{"href":"https:\/\/www.stafor.com\/es\/wp-json\/wp\/v2\/product"}],"about":[{"href":"https:\/\/www.stafor.com\/es\/wp-json\/wp\/v2\/types\/product"}],"wp:featuredmedia":[{"embeddable":true,"href":"https:\/\/www.stafor.com\/es\/wp-json\/wp\/v2\/media\/3541"}],"wp:attachment":[{"href":"https:\/\/www.stafor.com\/es\/wp-json\/wp\/v2\/media?parent=4006"}],"wp:term":[{"taxonomy":"product_brand","embeddable":true,"href":"https:\/\/www.stafor.com\/es\/wp-json\/wp\/v2\/product_brand?post=4006"},{"taxonomy":"product_cat","embeddable":true,"href":"https:\/\/www.stafor.com\/es\/wp-json\/wp\/v2\/product_cat?post=4006"},{"taxonomy":"product_tag","embeddable":true,"href":"https:\/\/www.stafor.com\/es\/wp-json\/wp\/v2\/product_tag?post=4006"}],"curies":[{"name":"wp","href":"https:\/\/api.w.org\/{rel}","templated":true}]}}