{"id":4015,"date":"2018-01-24T15:51:48","date_gmt":"2018-01-24T14:51:48","guid":{"rendered":"https:\/\/www.stafor.com\/catalogo-prodotti\/sin%20categorizar\/164-sierra-plegable\/"},"modified":"2018-09-04T12:08:53","modified_gmt":"2018-09-04T10:08:53","slug":"164-sierra-plegable","status":"publish","type":"product","link":"https:\/\/www.stafor.com\/es\/catalogo-productos\/serruchos-de-poda\/164-sierra-plegable\/","title":{"rendered":"164"},"content":{"rendered":"<p>SIERRA PLEGABLE<\/p>\n<p>Sierra pr\u00e1ctica y de bolsillo gracias a su f\u00e1cil cierre de navaja, adecuada para la poda y la jardiner\u00eda.<br \/>\nDientes con <strong>afilado<\/strong> por tres lados y puntas templadas por inducci\u00f3n el\u00e9ctrica. <strong>Cuchilla<\/strong>: Plegable, intercambiable en la longitud de 20 cm. <strong>Mango<\/strong>: de pl\u00e1stico con aplicaci\u00f3n de goma antideslizante.<\/p>\n","protected":false},"excerpt":{"rendered":"<p>Sierra plegable con cuchilla con dientes especiales afilados por tres lados, y templada a inducci\u00f3n el\u00e9ctrica.<br \/>\nLa cuchilla, intercambiable, es especialmente tenaz y flexible para limitar las roturas en caso de esfuerzo transversal durante el corte.<br \/>\nEl mango de polipropileno, cuenta con una aplicaci\u00f3n de goma blanda antideslizamiento para dar m\u00e1s comodidad y para realizar un trabajo con total seguridad.<\/p>\n","protected":false},"featured_media":2476,"template":"","meta":{"_seopress_robots_primary_cat":"","_seopress_titles_title":"%%title%% - SIERRA PLEGABLE","_seopress_titles_desc":"Sierra pr\u00e1ctica y de bolsillo gracias a su f\u00e1cil cierre de navaja, adecuada para la poda y la jardiner\u00eda.","_seopress_robots_index":""},"product_brand":[],"product_cat":[121],"product_tag":[],"class_list":{"0":"post-4015","1":"product","2":"type-product","3":"status-publish","4":"has-post-thumbnail","6":"product_cat-serruchos-de-poda","8":"first","9":"instock","10":"shipping-taxable","11":"product-type-simple"},"_links":{"self":[{"href":"https:\/\/www.stafor.com\/es\/wp-json\/wp\/v2\/product\/4015","targetHints":{"allow":["GET"]}}],"collection":[{"href":"https:\/\/www.stafor.com\/es\/wp-json\/wp\/v2\/product"}],"about":[{"href":"https:\/\/www.stafor.com\/es\/wp-json\/wp\/v2\/types\/product"}],"wp:featuredmedia":[{"embeddable":true,"href":"https:\/\/www.stafor.com\/es\/wp-json\/wp\/v2\/media\/2476"}],"wp:attachment":[{"href":"https:\/\/www.stafor.com\/es\/wp-json\/wp\/v2\/media?parent=4015"}],"wp:term":[{"taxonomy":"product_brand","embeddable":true,"href":"https:\/\/www.stafor.com\/es\/wp-json\/wp\/v2\/product_brand?post=4015"},{"taxonomy":"product_cat","embeddable":true,"href":"https:\/\/www.stafor.com\/es\/wp-json\/wp\/v2\/product_cat?post=4015"},{"taxonomy":"product_tag","embeddable":true,"href":"https:\/\/www.stafor.com\/es\/wp-json\/wp\/v2\/product_tag?post=4015"}],"curies":[{"name":"wp","href":"https:\/\/api.w.org\/{rel}","templated":true}]}}