{"id":4032,"date":"2018-01-22T17:01:15","date_gmt":"2018-01-22T16:01:15","guid":{"rendered":"https:\/\/www.stafor.com\/catalogo-prodotti\/sin%20categorizar\/862\/"},"modified":"2018-09-06T17:16:20","modified_gmt":"2018-09-06T15:16:20","slug":"862","status":"publish","type":"product","link":"https:\/\/www.stafor.com\/es\/catalogo-productos\/tijeras-para-zurdos\/862\/","title":{"rendered":"862"},"content":{"rendered":"<p>TIJARAS PARA ZURDOS, EN ACERO CARBONO cm20 para JARDINER\u00cdA Y PODA<\/p>\n<p>Cizallas fabricadas para que se puedan empu\u00f1ar y utilizar eficazmente con la mano izquierda.<br \/>\n<strong>Cuchillas<\/strong>: de acero al carbono. <strong>Mango<\/strong>: revestido con polipropileno. <strong>Tornillo central<\/strong>: con placa de fijaci\u00f3n de la tuerca y tornillo de regulaci\u00f3n. <strong>Cierre<\/strong>: met\u00e1lico. Equipado con: <strong>goma amortiguadora<\/strong>.<\/p>\n","protected":false},"excerpt":{"rendered":"<p>Tijeras dise\u00f1adas espec\u00edficamente para zurdos. Al utilizar este modelo, incluso con la mano izquierda la poda se puede realizar con la m\u00e1xima eficiencia e prestaci\u00f3n y con la m\u00e1xima facilidad, adem\u00e1s de la total seguridad gracias a una empu\u00f1adura estudiada espec\u00edficamente.<\/p>\n<p>Goma parachoques para que el trabajo de corte sea menos pesado y m\u00e1s seguro.<\/p>\n","protected":false},"featured_media":3605,"template":"","meta":{"_seopress_robots_primary_cat":"","_seopress_titles_title":"862 - Tijaras para zurdos para jardineria y poda en acero carbono","_seopress_titles_desc":"Cizallas fabricadas para que se puedan empu\u00f1ar y utilizar eficazmente con la mano izquierda.Cuchillas de acero al carbono. Mango revestido","_seopress_robots_index":""},"product_brand":[],"product_cat":[125],"product_tag":[],"class_list":{"0":"post-4032","1":"product","2":"type-product","3":"status-publish","4":"has-post-thumbnail","6":"product_cat-tijeras-para-zurdos","8":"first","9":"instock","10":"shipping-taxable","11":"product-type-simple"},"_links":{"self":[{"href":"https:\/\/www.stafor.com\/es\/wp-json\/wp\/v2\/product\/4032","targetHints":{"allow":["GET"]}}],"collection":[{"href":"https:\/\/www.stafor.com\/es\/wp-json\/wp\/v2\/product"}],"about":[{"href":"https:\/\/www.stafor.com\/es\/wp-json\/wp\/v2\/types\/product"}],"wp:featuredmedia":[{"embeddable":true,"href":"https:\/\/www.stafor.com\/es\/wp-json\/wp\/v2\/media\/3605"}],"wp:attachment":[{"href":"https:\/\/www.stafor.com\/es\/wp-json\/wp\/v2\/media?parent=4032"}],"wp:term":[{"taxonomy":"product_brand","embeddable":true,"href":"https:\/\/www.stafor.com\/es\/wp-json\/wp\/v2\/product_brand?post=4032"},{"taxonomy":"product_cat","embeddable":true,"href":"https:\/\/www.stafor.com\/es\/wp-json\/wp\/v2\/product_cat?post=4032"},{"taxonomy":"product_tag","embeddable":true,"href":"https:\/\/www.stafor.com\/es\/wp-json\/wp\/v2\/product_tag?post=4032"}],"curies":[{"name":"wp","href":"https:\/\/api.w.org\/{rel}","templated":true}]}}