{"id":6898,"date":"2023-11-09T14:05:30","date_gmt":"2023-11-09T13:05:31","guid":{"rendered":"https:\/\/www.stafor.com\/?post_type=product&#038;p=6898"},"modified":"2023-11-17T11:00:02","modified_gmt":"2023-11-17T10:00:02","slug":"856","status":"publish","type":"product","link":"https:\/\/www.stafor.com\/es\/catalogo-productos\/tijeras-de-vidimia-flores-y-jiardin\/856\/","title":{"rendered":"856"},"content":{"rendered":"<p>TIJERAS PARA RECOLECCI\u00d3N DE UVA, FRUTAS, VERDURA\u00a0 con HOJA\u00a0 CONICO<\/p>\n<p>Tijeras bypass con un pr\u00e1ctico dise\u00f1o c\u00f3nico y penetrante, para un corte ultrapreciso: la particular forma de la hoja transmite la m\u00e1xima facilidad de manejo con un tama\u00f1o m\u00ednimo. Excelente para recolecci\u00f3n de uvas, recolecci\u00f3n de frutas y verduras, jardiner\u00eda; adecuado tanto para uso profesional como para aficionados. <strong>Cuchillas<\/strong>: de acero inoxidable templado. <strong>Mango<\/strong>: revestido con polipropileno. <strong>Tornillo central<\/strong>: con tuerca de autobloqueo. <strong>Cierre<\/strong>: met\u00e1lico. <strong>Cuerda<\/strong>: para la mu\u00f1eca a petici\u00f3n.<\/p>\n<p>&nbsp;<\/p>\n","protected":false},"excerpt":{"rendered":"<p>Hojas con un pr\u00e1ctico dise\u00f1o c\u00f3nico y penetrante, para un corte ultrapreciso y la m\u00e1xima facilidad de manejo<\/p>\n","protected":false},"featured_media":6904,"template":"","meta":{"_seopress_robots_primary_cat":"none","_seopress_titles_title":"","_seopress_titles_desc":"","_seopress_robots_index":""},"product_brand":[],"product_cat":[116],"product_tag":[],"class_list":{"0":"post-6898","1":"product","2":"type-product","3":"status-publish","4":"has-post-thumbnail","6":"product_cat-tijeras-de-vidimia-flores-y-jiardin","8":"first","9":"instock","10":"shipping-taxable","11":"product-type-simple"},"_links":{"self":[{"href":"https:\/\/www.stafor.com\/es\/wp-json\/wp\/v2\/product\/6898","targetHints":{"allow":["GET"]}}],"collection":[{"href":"https:\/\/www.stafor.com\/es\/wp-json\/wp\/v2\/product"}],"about":[{"href":"https:\/\/www.stafor.com\/es\/wp-json\/wp\/v2\/types\/product"}],"wp:featuredmedia":[{"embeddable":true,"href":"https:\/\/www.stafor.com\/es\/wp-json\/wp\/v2\/media\/6904"}],"wp:attachment":[{"href":"https:\/\/www.stafor.com\/es\/wp-json\/wp\/v2\/media?parent=6898"}],"wp:term":[{"taxonomy":"product_brand","embeddable":true,"href":"https:\/\/www.stafor.com\/es\/wp-json\/wp\/v2\/product_brand?post=6898"},{"taxonomy":"product_cat","embeddable":true,"href":"https:\/\/www.stafor.com\/es\/wp-json\/wp\/v2\/product_cat?post=6898"},{"taxonomy":"product_tag","embeddable":true,"href":"https:\/\/www.stafor.com\/es\/wp-json\/wp\/v2\/product_tag?post=6898"}],"curies":[{"name":"wp","href":"https:\/\/api.w.org\/{rel}","templated":true}]}}