{"id":3472,"date":"2018-01-25T13:30:53","date_gmt":"2018-01-25T12:30:53","guid":{"rendered":"https:\/\/www.stafor.com\/catalogo-prodotti\/non%20class\u00e9\/271-serpette-greffoir-professionnelle-cm8\/"},"modified":"2018-09-06T10:17:13","modified_gmt":"2018-09-06T08:17:13","slug":"271-serpette-greffoir-professionnelle-cm8","status":"publish","type":"product","link":"https:\/\/www.stafor.com\/fr\/catalogue-produits\/serpette-greffoir\/271-serpette-greffoir-professionnelle-cm8\/","title":{"rendered":"271"},"content":{"rendered":"<p>Serpette professionnelle avec lame en acier inox patin\u00e9 cm 8<\/p>\n<p><strong>Lame <\/strong>en acier inox patin\u00e9. <strong>Manche:<\/strong>bois, partie interne en laiton. <strong>Longueur lame <\/strong> 8 cm. <strong>Longueur totale <\/strong> 18 cm.<\/p>\n","protected":false},"excerpt":{"rendered":"<p>Serpette professionnelle avec lame en acier inox patin\u00e9, caract\u00e9ris\u00e9e par un court rayon de coupe afin de mieux s\u2019adapter \u00e0 la branche \u00e0 tailler. Manche en bois avec structure interne renforc\u00e9e en laiton, rivets en laiton.<\/p>\n","protected":false},"featured_media":2595,"template":"","meta":{"_seopress_robots_primary_cat":"","_seopress_titles_title":"%%title%% - Serpette professionnelle avec lame en acier inox patin\u00e9 cm 8","_seopress_titles_desc":"Lame en acier inox patin\u00e9. Manche:bois, partie interne en laiton. Longueur lame 8 cm. Longueur totale 18 cm.","_seopress_robots_index":""},"product_brand":[],"product_cat":[58],"product_tag":[],"class_list":{"0":"post-3472","1":"product","2":"type-product","3":"status-publish","4":"has-post-thumbnail","6":"product_cat-serpette-greffoir","8":"first","9":"instock","10":"shipping-taxable","11":"product-type-simple"},"_links":{"self":[{"href":"https:\/\/www.stafor.com\/fr\/wp-json\/wp\/v2\/product\/3472","targetHints":{"allow":["GET"]}}],"collection":[{"href":"https:\/\/www.stafor.com\/fr\/wp-json\/wp\/v2\/product"}],"about":[{"href":"https:\/\/www.stafor.com\/fr\/wp-json\/wp\/v2\/types\/product"}],"wp:featuredmedia":[{"embeddable":true,"href":"https:\/\/www.stafor.com\/fr\/wp-json\/wp\/v2\/media\/2595"}],"wp:attachment":[{"href":"https:\/\/www.stafor.com\/fr\/wp-json\/wp\/v2\/media?parent=3472"}],"wp:term":[{"taxonomy":"product_brand","embeddable":true,"href":"https:\/\/www.stafor.com\/fr\/wp-json\/wp\/v2\/product_brand?post=3472"},{"taxonomy":"product_cat","embeddable":true,"href":"https:\/\/www.stafor.com\/fr\/wp-json\/wp\/v2\/product_cat?post=3472"},{"taxonomy":"product_tag","embeddable":true,"href":"https:\/\/www.stafor.com\/fr\/wp-json\/wp\/v2\/product_tag?post=3472"}],"curies":[{"name":"wp","href":"https:\/\/api.w.org\/{rel}","templated":true}]}}