{"id":3497,"date":"2018-01-22T13:03:03","date_gmt":"2018-01-22T12:03:03","guid":{"rendered":"https:\/\/www.stafor.com\/catalogo-prodotti\/non%20class\u00e9\/823-secateur-a-raisin-cm19\/"},"modified":"2018-09-05T09:08:30","modified_gmt":"2018-09-05T07:08:30","slug":"823-secateur-a-raisin-cm19","status":"publish","type":"product","link":"https:\/\/www.stafor.com\/fr\/catalogue-produits\/ciseaux-a-raisin-et-jardinage\/823-secateur-a-raisin-cm19\/","title":{"rendered":"823"},"content":{"rendered":"<p>S\u00c9CATEUR \u00c0 RAISIN<\/p>\n<p>Ciseaux \u00e0 lames pointues \u00e9tudi\u00e9s pour permettre un nettoyage rapide et soign\u00e9 de la grappe.<br \/>\n<strong>Lame <\/strong>en acier inox tremp\u00e9. <strong>Contre-lame<\/strong> rev\u00eatue de polypropyl\u00e8ne. <strong>Manche<\/strong> rev\u00eatement de poly\u00e9thyl\u00e8ne.<br \/>\n<strong>Vis centrale<\/strong> avec \u00e9crou autobloquant. <strong>Fermeture <\/strong>m\u00e9tallique.<\/p>\n","protected":false},"excerpt":{"rendered":"<p>Lames pointues aptes \u00e0 p\u00e9n\u00e9trer dans la grappe de raison sans abimer les grains<\/p>\n","protected":false},"featured_media":2221,"template":"","meta":{"_seopress_robots_primary_cat":"","_seopress_titles_title":"823 - S\u00e9cateur \u00e0 raisin \u00e0 lame pointues pour le nettoyage de la grappe","_seopress_titles_desc":"Ciseaux \u00e0 lames pointues \u00e9tudi\u00e9s pour permettre un nettoyage rapide de la grappe. Lame en acier inox tremp\u00e9. Contre-lame rev\u00eatue de polypropyl\u00e8ne.","_seopress_robots_index":""},"product_brand":[],"product_cat":[59],"product_tag":[],"class_list":{"0":"post-3497","1":"product","2":"type-product","3":"status-publish","4":"has-post-thumbnail","6":"product_cat-ciseaux-a-raisin-et-jardinage","8":"first","9":"instock","10":"shipping-taxable","11":"product-type-simple"},"_links":{"self":[{"href":"https:\/\/www.stafor.com\/fr\/wp-json\/wp\/v2\/product\/3497","targetHints":{"allow":["GET"]}}],"collection":[{"href":"https:\/\/www.stafor.com\/fr\/wp-json\/wp\/v2\/product"}],"about":[{"href":"https:\/\/www.stafor.com\/fr\/wp-json\/wp\/v2\/types\/product"}],"wp:featuredmedia":[{"embeddable":true,"href":"https:\/\/www.stafor.com\/fr\/wp-json\/wp\/v2\/media\/2221"}],"wp:attachment":[{"href":"https:\/\/www.stafor.com\/fr\/wp-json\/wp\/v2\/media?parent=3497"}],"wp:term":[{"taxonomy":"product_brand","embeddable":true,"href":"https:\/\/www.stafor.com\/fr\/wp-json\/wp\/v2\/product_brand?post=3497"},{"taxonomy":"product_cat","embeddable":true,"href":"https:\/\/www.stafor.com\/fr\/wp-json\/wp\/v2\/product_cat?post=3497"},{"taxonomy":"product_tag","embeddable":true,"href":"https:\/\/www.stafor.com\/fr\/wp-json\/wp\/v2\/product_tag?post=3497"}],"curies":[{"name":"wp","href":"https:\/\/api.w.org\/{rel}","templated":true}]}}