{"id":3502,"date":"2018-01-22T14:06:01","date_gmt":"2018-01-22T13:06:01","guid":{"rendered":"https:\/\/www.stafor.com\/catalogo-prodotti\/non%20class\u00e9\/830\/"},"modified":"2018-09-05T09:05:21","modified_gmt":"2018-09-05T07:05:21","slug":"830","status":"publish","type":"product","link":"https:\/\/www.stafor.com\/fr\/catalogue-produits\/ciseaux-a-raisin-et-jardinage\/830\/","title":{"rendered":"830"},"content":{"rendered":"<p>CISEAUX \u00c0 RAISIN POUR LA CUEILLETTE ET LE NETTOYAGE DES GRAPPES, LAMES COURBES<\/p>\n<p>Ciseaux \u00e0 lames pointues recourb\u00e9es \u00e9tudi\u00e9es pour faciliter la cueillette te le nettoyage des grappes. Adapt\u00e9s \u00e9galement \u00e0 la cueillette des agrumes.<br \/>\n<strong>Lame <\/strong>en acier inox tremp\u00e9. <strong>Maniche <\/strong>rev\u00eatement de poly\u00e9thyl\u00e8ne. <strong>Vis <\/strong>centrale avec \u00e9crou autobloquant. <strong>Fermeture<\/strong> m\u00e9tallique .\u00a0<strong>Lacet\u00a0<\/strong> \u00e0 attacher au poignet, sur demande.<\/p>\n","protected":false},"excerpt":{"rendered":"<p>Lames courbes id\u00e9ales pour le nettoyage de la grappe et la cueillette des agrumes<\/p>\n<p><img loading=\"lazy\" decoding=\"async\" class=\"alignnone size-full wp-image-3081\" src=\"http:\/\/www.stafor.com\/wp-content\/uploads\/2018\/01\/830_particolare-1.png\" alt=\"\" width=\"100\" height=\"100\" srcset=\"https:\/\/www.stafor.com\/wp-content\/uploads\/2018\/01\/830_particolare-1.png 100w, https:\/\/www.stafor.com\/wp-content\/uploads\/2018\/01\/830_particolare-1-50x50.png 50w, https:\/\/www.stafor.com\/wp-content\/uploads\/2018\/01\/830_particolare-1-75x75.png 75w, https:\/\/www.stafor.com\/wp-content\/uploads\/2018\/01\/830_particolare-1-85x85.png 85w, https:\/\/www.stafor.com\/wp-content\/uploads\/2018\/01\/830_particolare-1-80x80.png 80w\" sizes=\"auto, (max-width: 100px) 100vw, 100px\" \/><\/p>\n","protected":false},"featured_media":2241,"template":"","meta":{"_seopress_robots_primary_cat":"","_seopress_titles_title":"830 - Ciseaux \u00e0 raisin pour la cueillette et le nettoyage des grappes","_seopress_titles_desc":"Ciseaux \u00e0 lames pointues recourb\u00e9es \u00e9tudi\u00e9es pour faciliter la cueillette te le nettoyage des grappes. Adapt\u00e9s \u00e9galement \u00e0 la cueillette des agrumes","_seopress_robots_index":""},"product_brand":[],"product_cat":[59],"product_tag":[],"class_list":{"0":"post-3502","1":"product","2":"type-product","3":"status-publish","4":"has-post-thumbnail","6":"product_cat-ciseaux-a-raisin-et-jardinage","8":"first","9":"instock","10":"shipping-taxable","11":"product-type-simple"},"_links":{"self":[{"href":"https:\/\/www.stafor.com\/fr\/wp-json\/wp\/v2\/product\/3502","targetHints":{"allow":["GET"]}}],"collection":[{"href":"https:\/\/www.stafor.com\/fr\/wp-json\/wp\/v2\/product"}],"about":[{"href":"https:\/\/www.stafor.com\/fr\/wp-json\/wp\/v2\/types\/product"}],"wp:featuredmedia":[{"embeddable":true,"href":"https:\/\/www.stafor.com\/fr\/wp-json\/wp\/v2\/media\/2241"}],"wp:attachment":[{"href":"https:\/\/www.stafor.com\/fr\/wp-json\/wp\/v2\/media?parent=3502"}],"wp:term":[{"taxonomy":"product_brand","embeddable":true,"href":"https:\/\/www.stafor.com\/fr\/wp-json\/wp\/v2\/product_brand?post=3502"},{"taxonomy":"product_cat","embeddable":true,"href":"https:\/\/www.stafor.com\/fr\/wp-json\/wp\/v2\/product_cat?post=3502"},{"taxonomy":"product_tag","embeddable":true,"href":"https:\/\/www.stafor.com\/fr\/wp-json\/wp\/v2\/product_tag?post=3502"}],"curies":[{"name":"wp","href":"https:\/\/api.w.org\/{rel}","templated":true}]}}