{"id":3539,"date":"2018-01-23T11:19:31","date_gmt":"2018-01-23T10:19:31","guid":{"rendered":"https:\/\/www.stafor.com\/catalogo-prodotti\/non%20class\u00e9\/910-secateurs-professionnelle-pour-la-taille-des-arbres-revet-ptfe-cm215\/"},"modified":"2018-09-06T09:01:49","modified_gmt":"2018-09-06T07:01:49","slug":"910-secateurs-professionnelle-pour-la-taille-des-arbres-revet-ptfe-cm215","status":"publish","type":"product","link":"https:\/\/www.stafor.com\/fr\/catalogue-produits\/secateurs-pour-la-taille-des-arbres\/910-secateurs-professionnelle-pour-la-taille-des-arbres-revet-ptfe-cm215\/","title":{"rendered":"910"},"content":{"rendered":"<p>ROBUSTE S\u00c9CATEUR pour TAILLE, AVEC LAME MUNIE D\u2019UN REV\u00caTEMENT SP\u00c9CIAL EN PTFE<\/p>\n<p>Ciseaux ergonomiques, avec lame am\u00e9lior\u00e9 par le traitement sp\u00e9cial de finition de surface. Id\u00e9al pour la taille des vignes et le jardinage.<br \/>\n<strong>Lame<\/strong> interchangeable en acier au carbone tremp\u00e9\u00a0munie d\u2019un rev\u00eatement sp\u00e9cial en PTFE. <strong>Manche\u00a0<\/strong>: rev\u00eatement de poly\u00e9thyl\u00e8ne. <strong>Fermeture<\/strong> m\u00e9tallique. <strong>Boulon<\/strong> central tremp\u00e9.\u00a0<strong>\u00c9crou<\/strong> avec plaquettes de blocage et vis de r\u00e9glage. <strong>Caoutchouc amortisseur et buttoir<\/strong>.<\/p>\n","protected":false},"excerpt":{"rendered":"<p>Robuste s\u00e9cateur pour taille, avec lame munie d\u2019un rev\u00eatement sp\u00e9cial en PTFE. Ce rev\u00eatement favorise le glissement de la lame durant la coupe, pr\u00e9vient la formation de rouille et facilite les op\u00e9rations de nettoyage.<br \/>\nLe manche est soigneusement dessin\u00e9 pour une prise parfaitement ergonomique. Enfin, la coupe est encore plus souple gr\u00e2ce \u00e0 l\u2019amortisseur r\u00e9tractable.<\/p>\n<p>Lame\u00a0et contre-lame en acier tremp\u00e9 au carbone.<\/p>\n","protected":false},"featured_media":2317,"template":"","meta":{"_seopress_robots_primary_cat":"","_seopress_titles_title":"910 - S\u00e9cateur pour la taille. Lame munie d'un rev\u00eatement en PTFE","_seopress_titles_desc":"Ciseaux ergonomiques avec lame am\u00e9lior\u00e9 par le traitement sp\u00e9cial de finition de surface. Lame interchangeable en acier au carbone tremp\u00e9\u00a0rev\u00eatue","_seopress_robots_index":""},"product_brand":[],"product_cat":[64],"product_tag":[],"class_list":{"0":"post-3539","1":"product","2":"type-product","3":"status-publish","4":"has-post-thumbnail","6":"product_cat-secateurs-pour-la-taille-des-arbres","8":"first","9":"instock","10":"shipping-taxable","11":"product-type-simple"},"_links":{"self":[{"href":"https:\/\/www.stafor.com\/fr\/wp-json\/wp\/v2\/product\/3539","targetHints":{"allow":["GET"]}}],"collection":[{"href":"https:\/\/www.stafor.com\/fr\/wp-json\/wp\/v2\/product"}],"about":[{"href":"https:\/\/www.stafor.com\/fr\/wp-json\/wp\/v2\/types\/product"}],"wp:featuredmedia":[{"embeddable":true,"href":"https:\/\/www.stafor.com\/fr\/wp-json\/wp\/v2\/media\/2317"}],"wp:attachment":[{"href":"https:\/\/www.stafor.com\/fr\/wp-json\/wp\/v2\/media?parent=3539"}],"wp:term":[{"taxonomy":"product_brand","embeddable":true,"href":"https:\/\/www.stafor.com\/fr\/wp-json\/wp\/v2\/product_brand?post=3539"},{"taxonomy":"product_cat","embeddable":true,"href":"https:\/\/www.stafor.com\/fr\/wp-json\/wp\/v2\/product_cat?post=3539"},{"taxonomy":"product_tag","embeddable":true,"href":"https:\/\/www.stafor.com\/fr\/wp-json\/wp\/v2\/product_tag?post=3539"}],"curies":[{"name":"wp","href":"https:\/\/api.w.org\/{rel}","templated":true}]}}