{"id":3567,"date":"2018-01-24T15:57:13","date_gmt":"2018-01-24T14:57:13","guid":{"rendered":"https:\/\/www.stafor.com\/catalogo-prodotti\/non%20class\u00e9\/166-scie-a-main-a-lame-fixe\/"},"modified":"2018-09-04T12:02:12","modified_gmt":"2018-09-04T10:02:12","slug":"166-scie-a-main-a-lame-fixe-mache-standard","status":"publish","type":"product","link":"https:\/\/www.stafor.com\/fr\/catalogue-produits\/scie-a-main-pour-la-taille\/166-scie-a-main-a-lame-fixe-mache-standard\/","title":{"rendered":"166"},"content":{"rendered":"<p>SCIE A MAIN A LAME FIXE, MANCHE STANDARD<\/p>\n<p>Scie \u00e0 main \u00e0 lame fixe dent\u00e9e, indiqu\u00e9e pour des travaux de taille et le jardinage.<br \/>\n<strong>Lame dent\u00e9e<\/strong> sp\u00e9ciale affut\u00e9e sur trois c\u00f4t\u00e9s et tremp\u00e9e par induction \u00e9lectrique. <strong>Manche<\/strong> en polypropyl\u00e8ne.\u00a0<strong>Lames<\/strong> disponibles dans <strong>3 longueurs<\/strong>.<\/p>\n","protected":false},"excerpt":{"rendered":"<p>Scie \u00e0 main \u00e0 lame fixe dent\u00e9e sp\u00e9ciale affut\u00e9e sur trois c\u00f4t\u00e9s et tremp\u00e9e par induction \u00e9lectrique.<br \/>\nLa lame, interchangeable, est particuli\u00e8rement solide et flexible afin de limiter la rupture en cas de force transversale au cours de la coupe.<\/p>\n<p>Le manche est r\u00e9alis\u00e9 en plastique stri\u00e9 antid\u00e9rapant.<\/p>\n<p>Coupe en phase de tirage.<\/p>\n","protected":false},"featured_media":2479,"template":"","meta":{"_seopress_robots_primary_cat":"","_seopress_titles_title":"%%title%% - SCIE A MAIN A LAME FIXE, MANCHE STANDARD","_seopress_titles_desc":"Scie \u00e0 main \u00e0 lame fixe dent\u00e9e, indiqu\u00e9e pour des travaux de taille et le jardinage.","_seopress_robots_index":""},"product_brand":[],"product_cat":[65],"product_tag":[],"class_list":{"0":"post-3567","1":"product","2":"type-product","3":"status-publish","4":"has-post-thumbnail","6":"product_cat-scie-a-main-pour-la-taille","8":"first","9":"instock","10":"shipping-taxable","11":"product-type-simple"},"_links":{"self":[{"href":"https:\/\/www.stafor.com\/fr\/wp-json\/wp\/v2\/product\/3567","targetHints":{"allow":["GET"]}}],"collection":[{"href":"https:\/\/www.stafor.com\/fr\/wp-json\/wp\/v2\/product"}],"about":[{"href":"https:\/\/www.stafor.com\/fr\/wp-json\/wp\/v2\/types\/product"}],"wp:featuredmedia":[{"embeddable":true,"href":"https:\/\/www.stafor.com\/fr\/wp-json\/wp\/v2\/media\/2479"}],"wp:attachment":[{"href":"https:\/\/www.stafor.com\/fr\/wp-json\/wp\/v2\/media?parent=3567"}],"wp:term":[{"taxonomy":"product_brand","embeddable":true,"href":"https:\/\/www.stafor.com\/fr\/wp-json\/wp\/v2\/product_brand?post=3567"},{"taxonomy":"product_cat","embeddable":true,"href":"https:\/\/www.stafor.com\/fr\/wp-json\/wp\/v2\/product_cat?post=3567"},{"taxonomy":"product_tag","embeddable":true,"href":"https:\/\/www.stafor.com\/fr\/wp-json\/wp\/v2\/product_tag?post=3567"}],"curies":[{"name":"wp","href":"https:\/\/api.w.org\/{rel}","templated":true}]}}