{"id":3610,"date":"2017-12-13T11:02:05","date_gmt":"2017-12-13T10:02:05","guid":{"rendered":"https:\/\/www.stafor.com\/catalogo-prodotti\/non%20class\u00e9\/ciseaux-pour-les-vendanges-et-horticulture-mod-standard-15cm\/"},"modified":"2018-09-05T09:11:57","modified_gmt":"2018-09-05T07:11:57","slug":"ciseaux-pour-les-vendanges-et-horticulture-mod-standard-15cm","status":"publish","type":"product","link":"https:\/\/www.stafor.com\/fr\/catalogue-produits\/ciseaux-a-raisin-et-jardinage\/ciseaux-pour-les-vendanges-et-horticulture-mod-standard-15cm\/","title":{"rendered":"891"},"content":{"rendered":"<p>CISEAUX POUR LES VENDANGES ET L\u2019HORTICULTURE (mod\u00e8le de base)<\/p>\n<p><strong>Lame<\/strong> en acier inox tremp\u00e9. <strong>Manche<\/strong> rev\u00eatu de poly\u00e9thyl\u00e8ne. <strong>Vis centrale<\/strong> avec \u00e9crou autobloquant. <strong>Fermeture<\/strong> m\u00e9tallique. <strong>Lacet<\/strong> \u00e0 attacher au poignet, sur demande.<br \/>\nLes mod\u00e8les de base se diff\u00e9rencient par l\u2019essentialit\u00e9 des finitions esth\u00e9tiques.<\/p>\n<p>&nbsp;<\/p>\n<p>&nbsp;<\/p>\n","protected":false},"excerpt":{"rendered":"<p>Ciseaux de dimensions r\u00e9duites, pratiques pour le soin des fleurs et les vendanges. Les variantes de longueur offrent la possibilit\u00e9 de choisir le mod\u00e8le le mieux adapt\u00e9 \u00e0 ses propres exigences de maniabilit\u00e9.<\/p>\n","protected":false},"featured_media":2217,"template":"","meta":{"_seopress_robots_primary_cat":"","_seopress_titles_title":"891 - Ciseaux pour les vendanges et l'horticulture (mod\u00e8le base)","_seopress_titles_desc":"Ciseaux de dimensions r\u00e9duites, pratiques pour le soin des fleurs et les vendanges. Lame en acier inox tremp\u00e9. Manche rev\u00eatu de poly\u00e9thyl\u00e8ne.","_seopress_robots_index":""},"product_brand":[],"product_cat":[59],"product_tag":[],"class_list":{"0":"post-3610","1":"product","2":"type-product","3":"status-publish","4":"has-post-thumbnail","6":"product_cat-ciseaux-a-raisin-et-jardinage","8":"first","9":"instock","10":"shipping-taxable","11":"product-type-simple"},"_links":{"self":[{"href":"https:\/\/www.stafor.com\/fr\/wp-json\/wp\/v2\/product\/3610","targetHints":{"allow":["GET"]}}],"collection":[{"href":"https:\/\/www.stafor.com\/fr\/wp-json\/wp\/v2\/product"}],"about":[{"href":"https:\/\/www.stafor.com\/fr\/wp-json\/wp\/v2\/types\/product"}],"wp:featuredmedia":[{"embeddable":true,"href":"https:\/\/www.stafor.com\/fr\/wp-json\/wp\/v2\/media\/2217"}],"wp:attachment":[{"href":"https:\/\/www.stafor.com\/fr\/wp-json\/wp\/v2\/media?parent=3610"}],"wp:term":[{"taxonomy":"product_brand","embeddable":true,"href":"https:\/\/www.stafor.com\/fr\/wp-json\/wp\/v2\/product_brand?post=3610"},{"taxonomy":"product_cat","embeddable":true,"href":"https:\/\/www.stafor.com\/fr\/wp-json\/wp\/v2\/product_cat?post=3610"},{"taxonomy":"product_tag","embeddable":true,"href":"https:\/\/www.stafor.com\/fr\/wp-json\/wp\/v2\/product_tag?post=3610"}],"curies":[{"name":"wp","href":"https:\/\/api.w.org\/{rel}","templated":true}]}}