{"id":3617,"date":"2017-12-13T14:30:15","date_gmt":"2017-12-13T13:30:15","guid":{"rendered":"https:\/\/www.stafor.com\/catalogo-prodotti\/non%20class\u00e9\/ciseaux-pour-les-vendanges-et-horticulture-mod-standard-165cm\/"},"modified":"2018-09-05T09:10:29","modified_gmt":"2018-09-05T07:10:29","slug":"ciseaux-pour-les-vendanges-et-horticulture-mod-standard-165cm","status":"publish","type":"product","link":"https:\/\/www.stafor.com\/fr\/catalogue-produits\/ciseaux-a-raisin-et-jardinage\/ciseaux-pour-les-vendanges-et-horticulture-mod-standard-165cm\/","title":{"rendered":"893"},"content":{"rendered":"<p>Ciseaux pour les vendanges et l\u2019horticulture (mod. standard)<\/p>\n<p>Ciseaux pour un usage polyvalent, \u00e0 usage domestique et pour l\u2019industrie, professionnel ou amateur. <strong>Lame<\/strong> en acier inox tremp\u00e9. <strong>Manche<\/strong> rev\u00eatement de poly\u00e9thyl\u00e8ne. <strong>Vis centrale<\/strong> avec \u00e9crou autobloquant. <strong>Fermeture <\/strong>m\u00e9tallique. <strong>Lacet<\/strong> \u00e0 attacher au poignet, sur demande.<\/p>\n<p><strong>Lames \u00e9paisses avec embouts arrondis pour un usage polyvalent.<\/strong><\/p>\n","protected":false},"excerpt":{"rendered":"<p>Ciseaux de dimensions r\u00e9duites, pratiques pour le soin des fleurs et les vendanges. Les variantes de longueur offrent la possibilit\u00e9 de choisir le mod\u00e8le le mieux adapt\u00e9 \u00e0 ses propres exigences de maniabilit\u00e9.<\/p>\n<p>Il est conseill\u00e9 d\u2019huiler p\u00e9riodiquement les parties coulissantes<\/p>\n","protected":false},"featured_media":2253,"template":"","meta":{"_seopress_robots_primary_cat":"","_seopress_titles_title":"893 - Ciseaux pour les vendanges et l\u2019horticulture (mod. standard)","_seopress_titles_desc":"Ciseaux pour vendanges et horticulture. Parfait pour un usage domestique et pour l\u2019industrie, professionnel ou amateur. Lame en acier inox tremp\u00e9.","_seopress_robots_index":""},"product_brand":[],"product_cat":[59],"product_tag":[],"class_list":{"0":"post-3617","1":"product","2":"type-product","3":"status-publish","4":"has-post-thumbnail","6":"product_cat-ciseaux-a-raisin-et-jardinage","8":"first","9":"instock","10":"shipping-taxable","11":"product-type-simple"},"_links":{"self":[{"href":"https:\/\/www.stafor.com\/fr\/wp-json\/wp\/v2\/product\/3617","targetHints":{"allow":["GET"]}}],"collection":[{"href":"https:\/\/www.stafor.com\/fr\/wp-json\/wp\/v2\/product"}],"about":[{"href":"https:\/\/www.stafor.com\/fr\/wp-json\/wp\/v2\/types\/product"}],"wp:featuredmedia":[{"embeddable":true,"href":"https:\/\/www.stafor.com\/fr\/wp-json\/wp\/v2\/media\/2253"}],"wp:attachment":[{"href":"https:\/\/www.stafor.com\/fr\/wp-json\/wp\/v2\/media?parent=3617"}],"wp:term":[{"taxonomy":"product_brand","embeddable":true,"href":"https:\/\/www.stafor.com\/fr\/wp-json\/wp\/v2\/product_brand?post=3617"},{"taxonomy":"product_cat","embeddable":true,"href":"https:\/\/www.stafor.com\/fr\/wp-json\/wp\/v2\/product_cat?post=3617"},{"taxonomy":"product_tag","embeddable":true,"href":"https:\/\/www.stafor.com\/fr\/wp-json\/wp\/v2\/product_tag?post=3617"}],"curies":[{"name":"wp","href":"https:\/\/api.w.org\/{rel}","templated":true}]}}