{"id":3630,"date":"2018-01-23T17:21:27","date_gmt":"2018-01-23T16:21:27","guid":{"rendered":"https:\/\/www.stafor.com\/catalogo-prodotti\/non%20class\u00e9\/700-cisaille-pour-taille-professionnelle\/"},"modified":"2018-09-06T09:22:09","modified_gmt":"2018-09-06T07:22:09","slug":"700-cisaille-pour-taille-professionnelle","status":"publish","type":"product","link":"https:\/\/www.stafor.com\/fr\/catalogue-produits\/cisaille-coupe-branche\/700-cisaille-pour-taille-professionnelle\/","title":{"rendered":"700"},"content":{"rendered":"<p>CISAILLE POUR TAILLE PROFESSIONNELLE<\/p>\n<p>Cisaille indiqu\u00e9e pour des travaux de taille dans les vignes et en p\u00e9pini\u00e8re.<br \/>\n<strong>Lame<\/strong> interchangeable en acier tremp\u00e9 au carbone affut\u00e9e et brunie. <strong>Contre-lame<\/strong> interchangeable avec denture bloque-branche. <strong>Boulon central<\/strong> tremp\u00e9. <strong>\u00c9crou<\/strong> avec plaquettes de blocage et vis de r\u00e9glage. <strong>Caoutchouc amortisseur<\/strong> buttoir avec but\u00e9e finale. <strong>Manche<\/strong> en alliage l\u00e9ger avec garniture plastifi\u00e9e.<\/p>\n","protected":false},"excerpt":{"rendered":"<p>Lame petite, droite et p\u00e9n\u00e9trante pour s\u2019ins\u00e9rer facilement \u00e9galement dans des espaces r\u00e9duits. Disponibles dans les versions\u00a0longueurs cm 50 et cm 60<\/p>\n","protected":false},"featured_media":2424,"template":"","meta":{"_seopress_robots_primary_cat":"","_seopress_titles_title":"700 - Cisaille pour la taille professionnelle dans les vignes et en p\u00e9pini\u00e8re","_seopress_titles_desc":"Cisaille indiqu\u00e9e pour des travaux de taille dans les vignes et en p\u00e9pini\u00e8re. Lame interchangeable en acier tremp\u00e9 au carbone affut\u00e9e et brunie.","_seopress_robots_index":""},"product_brand":[],"product_cat":[71],"product_tag":[],"class_list":{"0":"post-3630","1":"product","2":"type-product","3":"status-publish","4":"has-post-thumbnail","6":"product_cat-cisaille-coupe-branche","8":"first","9":"instock","10":"shipping-taxable","11":"product-type-simple"},"_links":{"self":[{"href":"https:\/\/www.stafor.com\/fr\/wp-json\/wp\/v2\/product\/3630","targetHints":{"allow":["GET"]}}],"collection":[{"href":"https:\/\/www.stafor.com\/fr\/wp-json\/wp\/v2\/product"}],"about":[{"href":"https:\/\/www.stafor.com\/fr\/wp-json\/wp\/v2\/types\/product"}],"wp:featuredmedia":[{"embeddable":true,"href":"https:\/\/www.stafor.com\/fr\/wp-json\/wp\/v2\/media\/2424"}],"wp:attachment":[{"href":"https:\/\/www.stafor.com\/fr\/wp-json\/wp\/v2\/media?parent=3630"}],"wp:term":[{"taxonomy":"product_brand","embeddable":true,"href":"https:\/\/www.stafor.com\/fr\/wp-json\/wp\/v2\/product_brand?post=3630"},{"taxonomy":"product_cat","embeddable":true,"href":"https:\/\/www.stafor.com\/fr\/wp-json\/wp\/v2\/product_cat?post=3630"},{"taxonomy":"product_tag","embeddable":true,"href":"https:\/\/www.stafor.com\/fr\/wp-json\/wp\/v2\/product_tag?post=3630"}],"curies":[{"name":"wp","href":"https:\/\/api.w.org\/{rel}","templated":true}]}}