{"id":3632,"date":"2018-01-24T09:04:28","date_gmt":"2018-01-24T08:04:28","guid":{"rendered":"https:\/\/www.stafor.com\/catalogo-prodotti\/non%20class\u00e9\/701-cisaille-pour-taille-professionnelle\/"},"modified":"2018-09-06T09:21:13","modified_gmt":"2018-09-06T07:21:13","slug":"701-cisaille-pour-taille-professionnelle","status":"publish","type":"product","link":"https:\/\/www.stafor.com\/fr\/catalogue-produits\/cisaille-coupe-branche\/701-cisaille-pour-taille-professionnelle\/","title":{"rendered":"701"},"content":{"rendered":"<p>CISAILLE POUR TAILLE PROFESSIONNELLE<\/p>\n<p>Cisaille polyvalente, indiqu\u00e9e pour la taille de vigne, d\u2019arbres fruitiers, en p\u00e9pini\u00e8re et pour les op\u00e9rations de jardinage en g\u00e9n\u00e9ral.<br \/>\n<strong>Lame<\/strong> et contre-lame interchangeable en acier tremp\u00e9 au carbone affut\u00e9e et brunie. <strong>Boulon central<\/strong> tremp\u00e9. <strong>\u00c9crou<\/strong> avec plaquettes de blocage et vis de r\u00e9glage. <strong>Caoutchouc amortisseur<\/strong> buttoir avec but\u00e9e finale. Manche en alliage l\u00e9ger avec garniture plastifi\u00e9e.<\/p>\n","protected":false},"excerpt":{"rendered":"<p>Crochets amortisseurs sp\u00e9cialement \u00e9tudi\u00e9s pour r\u00e9duire l\u2019effort durant la taille.<\/p>\n","protected":false},"featured_media":2429,"template":"","meta":{"_seopress_robots_primary_cat":"","_seopress_titles_title":"701 - Cisaille pour la taille professionnelle de vigne et arbres fruitiers","_seopress_titles_desc":"Cisaille polyvalente, indiqu\u00e9e pour la taille de vigne, d\u2019arbres fruitiers, en p\u00e9pini\u00e8re et pour les op\u00e9rations de jardinage en g\u00e9n\u00e9ral.","_seopress_robots_index":""},"product_brand":[],"product_cat":[71],"product_tag":[],"class_list":{"0":"post-3632","1":"product","2":"type-product","3":"status-publish","4":"has-post-thumbnail","6":"product_cat-cisaille-coupe-branche","8":"first","9":"instock","10":"shipping-taxable","11":"product-type-simple"},"_links":{"self":[{"href":"https:\/\/www.stafor.com\/fr\/wp-json\/wp\/v2\/product\/3632","targetHints":{"allow":["GET"]}}],"collection":[{"href":"https:\/\/www.stafor.com\/fr\/wp-json\/wp\/v2\/product"}],"about":[{"href":"https:\/\/www.stafor.com\/fr\/wp-json\/wp\/v2\/types\/product"}],"wp:featuredmedia":[{"embeddable":true,"href":"https:\/\/www.stafor.com\/fr\/wp-json\/wp\/v2\/media\/2429"}],"wp:attachment":[{"href":"https:\/\/www.stafor.com\/fr\/wp-json\/wp\/v2\/media?parent=3632"}],"wp:term":[{"taxonomy":"product_brand","embeddable":true,"href":"https:\/\/www.stafor.com\/fr\/wp-json\/wp\/v2\/product_brand?post=3632"},{"taxonomy":"product_cat","embeddable":true,"href":"https:\/\/www.stafor.com\/fr\/wp-json\/wp\/v2\/product_cat?post=3632"},{"taxonomy":"product_tag","embeddable":true,"href":"https:\/\/www.stafor.com\/fr\/wp-json\/wp\/v2\/product_tag?post=3632"}],"curies":[{"name":"wp","href":"https:\/\/api.w.org\/{rel}","templated":true}]}}