{"id":3636,"date":"2018-01-24T09:13:38","date_gmt":"2018-01-24T08:13:38","guid":{"rendered":"https:\/\/www.stafor.com\/catalogo-prodotti\/non%20class\u00e9\/703-cisaille-a-large-ouverture-pour-taille-professionnelle\/"},"modified":"2018-09-06T09:19:50","modified_gmt":"2018-09-06T07:19:50","slug":"703-cisaille-a-large-ouverture-pour-taille-professionnelle","status":"publish","type":"product","link":"https:\/\/www.stafor.com\/fr\/catalogue-produits\/cisaille-coupe-branche\/703-cisaille-a-large-ouverture-pour-taille-professionnelle\/","title":{"rendered":"703"},"content":{"rendered":"<p>CISAILLE \u00c0 LARGE OUVERTURE POUR TAILLE PROFESSIONNELLE<\/p>\n<p>Taille directe, avec lame et ouverture larges, pouvant trancher des branches jusqu\u2019\u00e0 mm 45 de diam\u00e8tre.<br \/>\n<strong>Lame<\/strong> et <strong>contre-lame<\/strong> interchangeable en acier tremp\u00e9 au carbone affut\u00e9e et brunie. <strong>Boulon central<\/strong> tremp\u00e9. <strong>\u00c9crou<\/strong> avec plaquettes de blocage et vis de r\u00e9glage. <strong>Caoutchouc amortisseur<\/strong> buttoir avec but\u00e9e finale. Manche en alliage l\u00e9ger avec garniture plastifi\u00e9e.<\/p>\n","protected":false},"excerpt":{"rendered":"<p>Manches l\u00e9gers en aluminium.<\/p>\n","protected":false},"featured_media":2439,"template":"","meta":{"_seopress_robots_primary_cat":"","_seopress_titles_title":"703 - Cisaille \u00e0 large ouverture pour la taille professionnelle","_seopress_titles_desc":"Taille directe, avec lame et ouverture larges, pouvant trancher des branches jusqu\u2019\u00e0 mm 45 de diam\u00e8tre. Lame et contre-lame interchangeable","_seopress_robots_index":""},"product_brand":[],"product_cat":[71],"product_tag":[],"class_list":{"0":"post-3636","1":"product","2":"type-product","3":"status-publish","4":"has-post-thumbnail","6":"product_cat-cisaille-coupe-branche","8":"first","9":"instock","10":"shipping-taxable","11":"product-type-simple"},"_links":{"self":[{"href":"https:\/\/www.stafor.com\/fr\/wp-json\/wp\/v2\/product\/3636","targetHints":{"allow":["GET"]}}],"collection":[{"href":"https:\/\/www.stafor.com\/fr\/wp-json\/wp\/v2\/product"}],"about":[{"href":"https:\/\/www.stafor.com\/fr\/wp-json\/wp\/v2\/types\/product"}],"wp:featuredmedia":[{"embeddable":true,"href":"https:\/\/www.stafor.com\/fr\/wp-json\/wp\/v2\/media\/2439"}],"wp:attachment":[{"href":"https:\/\/www.stafor.com\/fr\/wp-json\/wp\/v2\/media?parent=3636"}],"wp:term":[{"taxonomy":"product_brand","embeddable":true,"href":"https:\/\/www.stafor.com\/fr\/wp-json\/wp\/v2\/product_brand?post=3636"},{"taxonomy":"product_cat","embeddable":true,"href":"https:\/\/www.stafor.com\/fr\/wp-json\/wp\/v2\/product_cat?post=3636"},{"taxonomy":"product_tag","embeddable":true,"href":"https:\/\/www.stafor.com\/fr\/wp-json\/wp\/v2\/product_tag?post=3636"}],"curies":[{"name":"wp","href":"https:\/\/api.w.org\/{rel}","templated":true}]}}