{"id":3640,"date":"2018-01-24T11:07:46","date_gmt":"2018-01-24T10:07:46","guid":{"rendered":"https:\/\/www.stafor.com\/catalogo-prodotti\/non%20class\u00e9\/808-cisaille-coupe-branche-professionnelle-lame-passante\/"},"modified":"2018-09-06T09:16:44","modified_gmt":"2018-09-06T07:16:44","slug":"808-cisaille-coupe-branche-professionnelle-lame-passante","status":"publish","type":"product","link":"https:\/\/www.stafor.com\/fr\/catalogue-produits\/cisaille-coupe-branche\/808-cisaille-coupe-branche-professionnelle-lame-passante\/","title":{"rendered":"808"},"content":{"rendered":"<p>COUPE-BRANCHE AVEC COUPE \u00c0 LAME PASSANTE<\/p>\n<p>Ce coupe-branche extr\u00eamement robuste est dot\u00e9 d\u2019un syst\u00e8me m\u00e9canique qui permet de couper \u00e9galement de grosses branches tr\u00e8s facilement. Parfait pour le jardinage et pour couper de grosses branches.<br \/>\n<strong>Lame<\/strong> interchangeable en acier tremp\u00e9 au carbone affut\u00e9e et brunie. <strong>Pivots et boulons<\/strong> de fixation tremp\u00e9s. <strong>Syst\u00e8me m\u00e9canique<\/strong> en acier tremp\u00e9. <strong>Manche<\/strong> en alliage l\u00e9ger avec garniture plastifi\u00e9e. <strong>Ouverture maximale de coupe<\/strong> diam\u00e8tre 50 mm.<\/p>\n","protected":false},"excerpt":{"rendered":"<p>Coupe-branche avec coupe \u00e0 lame passante, interchangeable. Toutes les pi\u00e8ces de rechange pour tous nos mod\u00e8les sont toujours disponibles imm\u00e9diatement.<br \/>\nCe coupe-branche extr\u00eamement robuste est dot\u00e9 d\u2019un syst\u00e8me m\u00e9canique qui permet de couper \u00e9galement de grosses branches tr\u00e8s facilement, jusqu\u2019\u00e0 une diam\u00e8tre de 50 mm.<br \/>\nManches en alliage d\u2019aluminium, avec poign\u00e9e plastifi\u00e9es confortable.<\/p>\n","protected":false},"featured_media":2449,"template":"","meta":{"_seopress_robots_primary_cat":"","_seopress_titles_title":"808 - Coupe-branche avec coupe \u00e0 lame passante pour grosses branches","_seopress_titles_desc":"Coupe-branche extr\u00eamement robuste dot\u00e9 d\u2019un syst\u00e8me m\u00e9canique qui permet de couper des grosses branches facilement. Parfait pour le jardinage","_seopress_robots_index":""},"product_brand":[],"product_cat":[71],"product_tag":[],"class_list":{"0":"post-3640","1":"product","2":"type-product","3":"status-publish","4":"has-post-thumbnail","6":"product_cat-cisaille-coupe-branche","8":"first","9":"instock","10":"shipping-taxable","11":"product-type-simple"},"_links":{"self":[{"href":"https:\/\/www.stafor.com\/fr\/wp-json\/wp\/v2\/product\/3640","targetHints":{"allow":["GET"]}}],"collection":[{"href":"https:\/\/www.stafor.com\/fr\/wp-json\/wp\/v2\/product"}],"about":[{"href":"https:\/\/www.stafor.com\/fr\/wp-json\/wp\/v2\/types\/product"}],"wp:featuredmedia":[{"embeddable":true,"href":"https:\/\/www.stafor.com\/fr\/wp-json\/wp\/v2\/media\/2449"}],"wp:attachment":[{"href":"https:\/\/www.stafor.com\/fr\/wp-json\/wp\/v2\/media?parent=3640"}],"wp:term":[{"taxonomy":"product_brand","embeddable":true,"href":"https:\/\/www.stafor.com\/fr\/wp-json\/wp\/v2\/product_brand?post=3640"},{"taxonomy":"product_cat","embeddable":true,"href":"https:\/\/www.stafor.com\/fr\/wp-json\/wp\/v2\/product_cat?post=3640"},{"taxonomy":"product_tag","embeddable":true,"href":"https:\/\/www.stafor.com\/fr\/wp-json\/wp\/v2\/product_tag?post=3640"}],"curies":[{"name":"wp","href":"https:\/\/api.w.org\/{rel}","templated":true}]}}