{"id":3646,"date":"2018-01-24T14:56:40","date_gmt":"2018-01-24T13:56:40","guid":{"rendered":"https:\/\/www.stafor.com\/catalogo-prodotti\/non%20class\u00e9\/810-cisaille-coupe-branche-a-lame-etroite\/"},"modified":"2018-09-06T09:08:54","modified_gmt":"2018-09-06T07:08:54","slug":"810-coupe-branches-prof-a-coupe-battante-a-profile-droit-avec-lame-etroite","status":"publish","type":"product","link":"https:\/\/www.stafor.com\/fr\/catalogue-produits\/cisaille-coupe-branche\/810-coupe-branches-prof-a-coupe-battante-a-profile-droit-avec-lame-etroite\/","title":{"rendered":"810"},"content":{"rendered":"<p>COUPE-BRANCHES \u00c0 COUPE BATTENTE \u00c0 PROFIL\u00c9 DROIT AVEC LAME \u00c9TROITE<\/p>\n<p>Dot\u00e9 d\u2019une lame plus pointue, pour une meilleure p\u00e9n\u00e9tration entre les branches.<br \/>\n<strong>Lame<\/strong> en acier tremp\u00e9 au carbone. <strong>Contre-lame<\/strong> interchangeable en aluminium forg\u00e9. <strong>Pivots et boulons<\/strong> en acier tremp\u00e9. <strong>Manche<\/strong> en alliage l\u00e9ger avec garniture plastifi\u00e9e.<\/p>\n","protected":false},"excerpt":{"rendered":"<p>Coupe-branche robuste \u00e0 coupe battante, lame en profil\u00e9 droit. Cet outil est con\u00e7u pour garantir une l\u00e9g\u00e8ret\u00e9 exceptionnelle.<br \/>\nLe nouveau syst\u00e8me m\u00e9canique permet de couper facilement des branches jusqu\u2019\u00e0 45 mm de diam\u00e8tre.<br \/>\nManches en alliage d\u2019aluminium solidement fix\u00e9s avec confortable poign\u00e9e moul\u00e9e en plastique.<\/p>\n<p>Par rapport au mod\u00e8le cod. 806, ce mod\u00e8le est dot\u00e9 d\u2019une lame plus pointue, pour une meilleure p\u00e9n\u00e9tration entre les branches.<\/p>\n","protected":false},"featured_media":2464,"template":"","meta":{"_seopress_robots_primary_cat":"","_seopress_titles_title":"810 - Coupe-branches \u00e0 coupe battente \u00e0 profil\u00e9 droit avec lame \u00e9troite","_seopress_titles_desc":"Dot\u00e9 d\u2019une lame plus pointue, pour une meilleure p\u00e9n\u00e9tration entre les branches.Lame en acier tremp\u00e9 au carbone. Manche en alliage l\u00e9ger avec garniture","_seopress_robots_index":""},"product_brand":[],"product_cat":[71],"product_tag":[],"class_list":{"0":"post-3646","1":"product","2":"type-product","3":"status-publish","4":"has-post-thumbnail","6":"product_cat-cisaille-coupe-branche","8":"first","9":"instock","10":"shipping-taxable","11":"product-type-simple"},"_links":{"self":[{"href":"https:\/\/www.stafor.com\/fr\/wp-json\/wp\/v2\/product\/3646","targetHints":{"allow":["GET"]}}],"collection":[{"href":"https:\/\/www.stafor.com\/fr\/wp-json\/wp\/v2\/product"}],"about":[{"href":"https:\/\/www.stafor.com\/fr\/wp-json\/wp\/v2\/types\/product"}],"wp:featuredmedia":[{"embeddable":true,"href":"https:\/\/www.stafor.com\/fr\/wp-json\/wp\/v2\/media\/2464"}],"wp:attachment":[{"href":"https:\/\/www.stafor.com\/fr\/wp-json\/wp\/v2\/media?parent=3646"}],"wp:term":[{"taxonomy":"product_brand","embeddable":true,"href":"https:\/\/www.stafor.com\/fr\/wp-json\/wp\/v2\/product_brand?post=3646"},{"taxonomy":"product_cat","embeddable":true,"href":"https:\/\/www.stafor.com\/fr\/wp-json\/wp\/v2\/product_cat?post=3646"},{"taxonomy":"product_tag","embeddable":true,"href":"https:\/\/www.stafor.com\/fr\/wp-json\/wp\/v2\/product_tag?post=3646"}],"curies":[{"name":"wp","href":"https:\/\/api.w.org\/{rel}","templated":true}]}}