{"id":3648,"date":"2018-01-24T14:50:58","date_gmt":"2018-01-24T13:50:58","guid":{"rendered":"https:\/\/www.stafor.com\/catalogo-prodotti\/non%20class\u00e9\/807-coupe-branche-a-coupe-battante-lame-en-profile-courbe\/"},"modified":"2018-09-06T09:11:15","modified_gmt":"2018-09-06T07:11:15","slug":"807-coupe-branche-prof-a-coupe-battante-lame-en-profile-courbe","status":"publish","type":"product","link":"https:\/\/www.stafor.com\/fr\/catalogue-produits\/cisaille-coupe-branche\/807-coupe-branche-prof-a-coupe-battante-lame-en-profile-courbe\/","title":{"rendered":"807"},"content":{"rendered":"<p>COUPE-BRANCHE PROF. \u00c0 COUPE BATTANTE, LAME EN PROFIL\u00c9 COURBE<\/p>\n<p>Coupe-branche robuste \u00e0 coupe battante, lame en profil\u00e9 courbe. Cet outil est con\u00e7u pour garantir une l\u00e9g\u00e8ret\u00e9 exceptionnelle.<br \/>\n<strong>Lame<\/strong> en acier tremp\u00e9 au carbone. <strong>Contre-lame<\/strong> en aluminium interchangeable. <strong>Pivots et boulons<\/strong> en acier tremp\u00e9 au carbone. <strong>Manche<\/strong> en alliage l\u00e9ger avec garniture plastifi\u00e9e. Permet de couper facilement des branches jusqu\u2019\u00e0 45 mm de diam\u00e8tre.<\/p>\n","protected":false},"excerpt":{"rendered":"<p>Coupe-branche robuste \u00e0 coupe battante, lame en profil\u00e9 courbe. Cet outil est con\u00e7u pour garantir une l\u00e9g\u00e8ret\u00e9 exceptionnelle.<br \/>\nLe nouveau syst\u00e8me m\u00e9canique permet de couper facilement des branches jusqu\u2019\u00e0 45 mm de diam\u00e8tre.<br \/>\nManches en alliage d\u2019aluminium solidement fix\u00e9s avec confortable poign\u00e9e moul\u00e9e en plastique.<\/p>\n<p>La lame courbe retient mieux la branche, \u00e9vitant le glissement vers l\u2019avant du feuillage durant la phase de coupe.<\/p>\n","protected":false},"featured_media":2469,"template":"","meta":{"_seopress_robots_primary_cat":"","_seopress_titles_title":"807 - Coupe-branche \u00e0 coupe battante et lame en profil\u00e9 courbe","_seopress_titles_desc":"Coupe-branche robuste \u00e0 coupe battante, lame en profil\u00e9 courbe. Cet outil est con\u00e7u pour garantir une l\u00e9g\u00e8ret\u00e9 exceptionnelle. Lame en acier tremp\u00e9","_seopress_robots_index":""},"product_brand":[],"product_cat":[71],"product_tag":[],"class_list":{"0":"post-3648","1":"product","2":"type-product","3":"status-publish","4":"has-post-thumbnail","6":"product_cat-cisaille-coupe-branche","8":"first","9":"instock","10":"shipping-taxable","11":"product-type-simple"},"_links":{"self":[{"href":"https:\/\/www.stafor.com\/fr\/wp-json\/wp\/v2\/product\/3648","targetHints":{"allow":["GET"]}}],"collection":[{"href":"https:\/\/www.stafor.com\/fr\/wp-json\/wp\/v2\/product"}],"about":[{"href":"https:\/\/www.stafor.com\/fr\/wp-json\/wp\/v2\/types\/product"}],"wp:featuredmedia":[{"embeddable":true,"href":"https:\/\/www.stafor.com\/fr\/wp-json\/wp\/v2\/media\/2469"}],"wp:attachment":[{"href":"https:\/\/www.stafor.com\/fr\/wp-json\/wp\/v2\/media?parent=3648"}],"wp:term":[{"taxonomy":"product_brand","embeddable":true,"href":"https:\/\/www.stafor.com\/fr\/wp-json\/wp\/v2\/product_brand?post=3648"},{"taxonomy":"product_cat","embeddable":true,"href":"https:\/\/www.stafor.com\/fr\/wp-json\/wp\/v2\/product_cat?post=3648"},{"taxonomy":"product_tag","embeddable":true,"href":"https:\/\/www.stafor.com\/fr\/wp-json\/wp\/v2\/product_tag?post=3648"}],"curies":[{"name":"wp","href":"https:\/\/api.w.org\/{rel}","templated":true}]}}