{"id":3671,"date":"2018-01-25T12:18:51","date_gmt":"2018-01-25T11:18:51","guid":{"rendered":"https:\/\/www.stafor.com\/catalogo-prodotti\/non%20class\u00e9\/201-couteau-a-greffe-profile-de-coupe-droit-manche-plastique\/"},"modified":"2018-09-05T12:18:05","modified_gmt":"2018-09-05T10:18:05","slug":"201-couteau-a-greffe-profile-de-coupe-droit-cm65-manche-plastique","status":"publish","type":"product","link":"https:\/\/www.stafor.com\/fr\/catalogue-produits\/couteaux-a-greffer\/201-couteau-a-greffe-profile-de-coupe-droit-cm65-manche-plastique\/","title":{"rendered":"201"},"content":{"rendered":"<p>Couteau \u00e0 greffe avec lame en acier au carbone sp\u00e9cial satin\u00e9, avec profil\u00e9 de coupe droit. Manche en plastique.<\/p>\n<p><strong>Lame<\/strong> \u00e0 fil droit, en acier au carbone sp\u00e9cial satin\u00e9, interchangeable. <strong>Manche<\/strong> en plastique noir.<\/p>\n","protected":false},"excerpt":{"rendered":"<p>Couteau \u00e0 greffe avec lame en acier au carbone sp\u00e9cial satin\u00e9, avec profil\u00e9 de coupe droit. La lame, interchangeable, est en outre dot\u00e9e au dos d\u2019un profil\u00e9 ouvre-\u00e9corce.<br \/>\nManche ne plastique noir, l\u00e9ger et maniable. Lame refermable.<\/p>\n","protected":false},"featured_media":2539,"template":"","meta":{"_seopress_robots_primary_cat":"","_seopress_titles_title":"%%title%% - Couteau \u00e0 greffe avec lame en acier au carbone sp\u00e9cial satin\u00e9","_seopress_titles_desc":"Lame \u00e0 fil droit, en acier au carbone sp\u00e9cial satin\u00e9, interchangeable. Manche en plastique noir.","_seopress_robots_index":""},"product_brand":[],"product_cat":[70],"product_tag":[],"class_list":{"0":"post-3671","1":"product","2":"type-product","3":"status-publish","4":"has-post-thumbnail","6":"product_cat-couteaux-a-greffer","8":"first","9":"instock","10":"shipping-taxable","11":"product-type-simple"},"_links":{"self":[{"href":"https:\/\/www.stafor.com\/fr\/wp-json\/wp\/v2\/product\/3671","targetHints":{"allow":["GET"]}}],"collection":[{"href":"https:\/\/www.stafor.com\/fr\/wp-json\/wp\/v2\/product"}],"about":[{"href":"https:\/\/www.stafor.com\/fr\/wp-json\/wp\/v2\/types\/product"}],"wp:featuredmedia":[{"embeddable":true,"href":"https:\/\/www.stafor.com\/fr\/wp-json\/wp\/v2\/media\/2539"}],"wp:attachment":[{"href":"https:\/\/www.stafor.com\/fr\/wp-json\/wp\/v2\/media?parent=3671"}],"wp:term":[{"taxonomy":"product_brand","embeddable":true,"href":"https:\/\/www.stafor.com\/fr\/wp-json\/wp\/v2\/product_brand?post=3671"},{"taxonomy":"product_cat","embeddable":true,"href":"https:\/\/www.stafor.com\/fr\/wp-json\/wp\/v2\/product_cat?post=3671"},{"taxonomy":"product_tag","embeddable":true,"href":"https:\/\/www.stafor.com\/fr\/wp-json\/wp\/v2\/product_tag?post=3671"}],"curies":[{"name":"wp","href":"https:\/\/api.w.org\/{rel}","templated":true}]}}