{"id":3673,"date":"2018-01-25T12:44:57","date_gmt":"2018-01-25T11:44:57","guid":{"rendered":"https:\/\/www.stafor.com\/catalogo-prodotti\/non%20class\u00e9\/201sx-couteau-a-greffe-pour-gauchers-profile-de-coupe-droit-manche-plastique\/"},"modified":"2018-09-05T09:48:35","modified_gmt":"2018-09-05T07:48:35","slug":"201sx-couteau-a-greffe-pour-gauchers-profile-de-coupe-droit-manche-plastique","status":"publish","type":"product","link":"https:\/\/www.stafor.com\/fr\/catalogue-produits\/secateur-et-outils-pour-gauchers\/201sx-couteau-a-greffe-pour-gauchers-profile-de-coupe-droit-manche-plastique\/","title":{"rendered":"201SX"},"content":{"rendered":"<p>Couteau \u00e0 greffe pour gauchers, avec profil\u00e9 de coupe droit de 6,5 cm interchangeable manche en plastique<\/p>\n<p><strong>Lame<\/strong> \u00e0 fil droit, en acier au carbone sp\u00e9cial satin\u00e9, interchangeable. <strong>Manche<\/strong> en plastique noir. \u00c9tudi\u00e9 sp\u00e9cialement pour <strong>gauchers<\/strong>.<\/p>\n","protected":false},"excerpt":{"rendered":"<p>Couteau \u00e0 greffe <strong>con\u00e7u sp\u00e9cifiquement pour la MAIN GAUCHE<\/strong>, avec lame en acier au carbone sp\u00e9cial satin\u00e9, avec profil\u00e9 de coupe droit. La lame, interchangeable, est en outre dot\u00e9e au dos d\u2019un profil\u00e9 ouvre-\u00e9corce.<br \/>\nManche ne plastique noir, l\u00e9ger et maniable. Lame refermable.<\/p>\n","protected":false},"featured_media":2570,"template":"","meta":{"_seopress_robots_primary_cat":"","_seopress_titles_title":"201SX - Couteau \u00e0 greffe pour gauchers, avec profil\u00e9 de coupe droit","_seopress_titles_desc":"Couteau \u00e0 greffe pour gauchers avec profil\u00e9 de coupe droit interchangeable manche en plastique. Lame \u00e0 fil droit, en acier au carbone sp\u00e9cial satin\u00e9","_seopress_robots_index":""},"product_brand":[],"product_cat":[68],"product_tag":[],"class_list":{"0":"post-3673","1":"product","2":"type-product","3":"status-publish","4":"has-post-thumbnail","6":"product_cat-secateur-et-outils-pour-gauchers","8":"first","9":"instock","10":"shipping-taxable","11":"product-type-simple"},"_links":{"self":[{"href":"https:\/\/www.stafor.com\/fr\/wp-json\/wp\/v2\/product\/3673","targetHints":{"allow":["GET"]}}],"collection":[{"href":"https:\/\/www.stafor.com\/fr\/wp-json\/wp\/v2\/product"}],"about":[{"href":"https:\/\/www.stafor.com\/fr\/wp-json\/wp\/v2\/types\/product"}],"wp:featuredmedia":[{"embeddable":true,"href":"https:\/\/www.stafor.com\/fr\/wp-json\/wp\/v2\/media\/2570"}],"wp:attachment":[{"href":"https:\/\/www.stafor.com\/fr\/wp-json\/wp\/v2\/media?parent=3673"}],"wp:term":[{"taxonomy":"product_brand","embeddable":true,"href":"https:\/\/www.stafor.com\/fr\/wp-json\/wp\/v2\/product_brand?post=3673"},{"taxonomy":"product_cat","embeddable":true,"href":"https:\/\/www.stafor.com\/fr\/wp-json\/wp\/v2\/product_cat?post=3673"},{"taxonomy":"product_tag","embeddable":true,"href":"https:\/\/www.stafor.com\/fr\/wp-json\/wp\/v2\/product_tag?post=3673"}],"curies":[{"name":"wp","href":"https:\/\/api.w.org\/{rel}","templated":true}]}}