{"id":3677,"date":"2018-01-25T12:27:29","date_gmt":"2018-01-25T11:27:29","guid":{"rendered":"https:\/\/www.stafor.com\/catalogo-prodotti\/non%20class\u00e9\/211-couteau-a-greffe-profile-de-coupe-droit-65cm-manche-plastique\/"},"modified":"2018-09-05T12:16:56","modified_gmt":"2018-09-05T10:16:56","slug":"211-couteau-avec-lame-a-fil-droit-de-65cm-manche-en-plastique","status":"publish","type":"product","link":"https:\/\/www.stafor.com\/fr\/catalogue-produits\/couteaux-a-greffer\/211-couteau-avec-lame-a-fil-droit-de-65cm-manche-en-plastique\/","title":{"rendered":"211"},"content":{"rendered":"<p>Couteau avec lame \u00e0 fil droit de 6,5 cm, manche en plastique.<\/p>\n<p><strong>Lame<\/strong> \u00e0 fil droit, en acier au carbone sp\u00e9cial satin\u00e9. <strong>Manche<\/strong> plastique noir, avec structure interne renforc\u00e9e en laiton, rivets en laiton.<\/p>\n","protected":false},"excerpt":{"rendered":"<p>Couteau \u00e0 greffe avec lame en acier au carbone sp\u00e9cial satin\u00e9, avec profil\u00e9 de coupe droit. La lame est en outre dot\u00e9e au dos d\u2019un profil\u00e9 ouvre-\u00e9corce.<br \/>\nManche plastique noir brillant, avec structure interne renforc\u00e9e en laiton, rivets en laiton.<\/p>\n","protected":false},"featured_media":2551,"template":"","meta":{"_seopress_robots_primary_cat":"","_seopress_titles_title":"%%title%% - Couteau avec lame \u00e0 fil droit de 6,5 cm, manche en plastique.","_seopress_titles_desc":"Lame \u00e0 fil droit, en acier au carbone sp\u00e9cial satin\u00e9. Manche plastique noir, avec structure interne renforc\u00e9e en laiton, rivets en laiton.","_seopress_robots_index":""},"product_brand":[],"product_cat":[70],"product_tag":[],"class_list":{"0":"post-3677","1":"product","2":"type-product","3":"status-publish","4":"has-post-thumbnail","6":"product_cat-couteaux-a-greffer","8":"first","9":"instock","10":"shipping-taxable","11":"product-type-simple"},"_links":{"self":[{"href":"https:\/\/www.stafor.com\/fr\/wp-json\/wp\/v2\/product\/3677","targetHints":{"allow":["GET"]}}],"collection":[{"href":"https:\/\/www.stafor.com\/fr\/wp-json\/wp\/v2\/product"}],"about":[{"href":"https:\/\/www.stafor.com\/fr\/wp-json\/wp\/v2\/types\/product"}],"wp:featuredmedia":[{"embeddable":true,"href":"https:\/\/www.stafor.com\/fr\/wp-json\/wp\/v2\/media\/2551"}],"wp:attachment":[{"href":"https:\/\/www.stafor.com\/fr\/wp-json\/wp\/v2\/media?parent=3677"}],"wp:term":[{"taxonomy":"product_brand","embeddable":true,"href":"https:\/\/www.stafor.com\/fr\/wp-json\/wp\/v2\/product_brand?post=3677"},{"taxonomy":"product_cat","embeddable":true,"href":"https:\/\/www.stafor.com\/fr\/wp-json\/wp\/v2\/product_cat?post=3677"},{"taxonomy":"product_tag","embeddable":true,"href":"https:\/\/www.stafor.com\/fr\/wp-json\/wp\/v2\/product_tag?post=3677"}],"curies":[{"name":"wp","href":"https:\/\/api.w.org\/{rel}","templated":true}]}}